{"id":532,"date":"2015-09-22T08:34:09","date_gmt":"2015-09-22T08:34:09","guid":{"rendered":"http:\/\/www.grandhotellhornan.com\/en\/?page_id=532"},"modified":"2025-03-21T08:05:15","modified_gmt":"2025-03-21T08:05:15","slug":"breakfast","status":"publish","type":"page","link":"https:\/\/grandhotellhornan.com\/en\/dining-room-bar\/breakfast\/","title":{"rendered":"Breakfast"},"content":{"rendered":"<p>Welcome to have breakfast with us at the Grand Hotel Corner . The breakfast buffet is served in our dining room and on it you will find everything from light and coarse bread with good toppings to yoghurts , cereals , oranges as you press the amazing juices, cold smoked salmon, croissants , eggs and bacon. All that is needed for today&#8217;s most important goals.<\/p>\n<p>Price 220 SEK ( breakfast is always included in the room rate)<\/p>\n","protected":false},"excerpt":{"rendered":"<p>Welcome to have breakfast with us at the Grand Hotel Corner . The breakfast buffet is served in our dining room and on it you will find everything from light and coarse bread with good toppings to yoghurts , cereals , oranges as you press the amazing juices, cold smoked salmon, croissants , eggs and [&hellip;]<\/p>\n","protected":false},"author":1,"featured_media":56,"parent":529,"menu_order":0,"comment_status":"open","ping_status":"open","template":"","meta":{"_links_to":"","_links_to_target":""},"acf":[],"yoast_head":"<!-- This site is optimized with the Yoast SEO plugin v20.13 - https:\/\/yoast.com\/wordpress\/plugins\/seo\/ -->\n<title>Breakfast - Grand Hotell H\u00f6rnan<\/title>\n<meta name=\"description\" content=\"Starta dagen p\u00e5 b\u00e4sta s\u00e4tt med en god hotellfrukost serverad i vacker milj\u00f6. Hos oss ing\u00e5r alltid frukost i priset n\u00e4r du bor p\u00e5 hotellet.\" \/>\n<meta name=\"robots\" content=\"index, follow, max-snippet:-1, max-image-preview:large, max-video-preview:-1\" \/>\n<link rel=\"canonical\" href=\"https:\/\/grandhotellhornan.com\/en\/dining-room-bar\/breakfast\/\" \/>\n<meta property=\"og:locale\" content=\"en_US\" \/>\n<meta property=\"og:type\" content=\"article\" \/>\n<meta property=\"og:title\" content=\"Breakfast - Grand Hotell H\u00f6rnan\" \/>\n<meta property=\"og:description\" content=\"Starta dagen p\u00e5 b\u00e4sta s\u00e4tt med en god hotellfrukost serverad i vacker milj\u00f6. Hos oss ing\u00e5r alltid frukost i priset n\u00e4r du bor p\u00e5 hotellet.\" \/>\n<meta property=\"og:url\" content=\"https:\/\/grandhotellhornan.com\/en\/dining-room-bar\/breakfast\/\" \/>\n<meta property=\"og:site_name\" content=\"Grand Hotell H\u00f6rnan\" \/>\n<meta property=\"article:modified_time\" content=\"2025-03-21T08:05:15+00:00\" \/>\n<meta property=\"og:image\" content=\"https:\/\/grandhotellhornan.com\/content\/uploads\/2015\/03\/kaffekanna.jpg\" \/>\n\t<meta property=\"og:image:width\" content=\"380\" \/>\n\t<meta property=\"og:image:height\" content=\"250\" \/>\n\t<meta property=\"og:image:type\" content=\"image\/jpeg\" \/>\n<meta name=\"twitter:card\" content=\"summary_large_image\" \/>\n<meta name=\"twitter:label1\" content=\"Est. reading time\" \/>\n\t<meta name=\"twitter:data1\" content=\"1 minute\" \/>\n<script type=\"application\/ld+json\" class=\"yoast-schema-graph\">{\"@context\":\"https:\/\/schema.org\",\"@graph\":[{\"@type\":\"WebPage\",\"@id\":\"https:\/\/grandhotellhornan.com\/en\/dining-room-bar\/breakfast\/\",\"url\":\"https:\/\/grandhotellhornan.com\/en\/dining-room-bar\/breakfast\/\",\"name\":\"Breakfast - Grand Hotell H\u00f6rnan\",\"isPartOf\":{\"@id\":\"https:\/\/www.grandhotellhornan.com\/#website\"},\"datePublished\":\"2015-09-22T08:34:09+00:00\",\"dateModified\":\"2025-03-21T08:05:15+00:00\",\"description\":\"Starta dagen p\u00e5 b\u00e4sta s\u00e4tt med en god hotellfrukost serverad i vacker milj\u00f6. Hos oss ing\u00e5r alltid frukost i priset n\u00e4r du bor p\u00e5 hotellet.\",\"breadcrumb\":{\"@id\":\"https:\/\/grandhotellhornan.com\/en\/dining-room-bar\/breakfast\/#breadcrumb\"},\"inLanguage\":\"en-US\",\"potentialAction\":[{\"@type\":\"ReadAction\",\"target\":[\"https:\/\/grandhotellhornan.com\/en\/dining-room-bar\/breakfast\/\"]}]},{\"@type\":\"BreadcrumbList\",\"@id\":\"https:\/\/grandhotellhornan.com\/en\/dining-room-bar\/breakfast\/#breadcrumb\",\"itemListElement\":[{\"@type\":\"ListItem\",\"position\":1,\"name\":\"Hem\",\"item\":\"https:\/\/www.grandhotellhornan.com\/en\/\"},{\"@type\":\"ListItem\",\"position\":2,\"name\":\"Dining room &#038; bar\",\"item\":\"https:\/\/www.grandhotellhornan.com\/en\/dining-room-bar\/\"},{\"@type\":\"ListItem\",\"position\":3,\"name\":\"Breakfast\"}]},{\"@type\":\"WebSite\",\"@id\":\"https:\/\/www.grandhotellhornan.com\/#website\",\"url\":\"https:\/\/www.grandhotellhornan.com\/\",\"name\":\"Grand Hotell H\u00f6rnan\",\"description\":\"Ett anrikt hotell mitt i hj\u00e4rtat av Uppsala n\u00e4ra flygbuss och j\u00e4rnv\u00e4gsstation, med utsikt \u00f6ver sev\u00e4rdheter som Domkyrkan och Slottet.\",\"potentialAction\":[{\"@type\":\"SearchAction\",\"target\":{\"@type\":\"EntryPoint\",\"urlTemplate\":\"https:\/\/www.grandhotellhornan.com\/?s={search_term_string}\"},\"query-input\":\"required name=search_term_string\"}],\"inLanguage\":\"en-US\"}]}<\/script>\n<!-- \/ Yoast SEO plugin. -->","yoast_head_json":{"title":"Breakfast - Grand Hotell H\u00f6rnan","description":"Starta dagen p\u00e5 b\u00e4sta s\u00e4tt med en god hotellfrukost serverad i vacker milj\u00f6. Hos oss ing\u00e5r alltid frukost i priset n\u00e4r du bor p\u00e5 hotellet.","robots":{"index":"index","follow":"follow","max-snippet":"max-snippet:-1","max-image-preview":"max-image-preview:large","max-video-preview":"max-video-preview:-1"},"canonical":"https:\/\/grandhotellhornan.com\/en\/dining-room-bar\/breakfast\/","og_locale":"en_US","og_type":"article","og_title":"Breakfast - Grand Hotell H\u00f6rnan","og_description":"Starta dagen p\u00e5 b\u00e4sta s\u00e4tt med en god hotellfrukost serverad i vacker milj\u00f6. Hos oss ing\u00e5r alltid frukost i priset n\u00e4r du bor p\u00e5 hotellet.","og_url":"https:\/\/grandhotellhornan.com\/en\/dining-room-bar\/breakfast\/","og_site_name":"Grand Hotell H\u00f6rnan","article_modified_time":"2025-03-21T08:05:15+00:00","og_image":[{"width":380,"height":250,"url":"https:\/\/grandhotellhornan.com\/content\/uploads\/2015\/03\/kaffekanna.jpg","type":"image\/jpeg"}],"twitter_card":"summary_large_image","twitter_misc":{"Est. reading time":"1 minute"},"schema":{"@context":"https:\/\/schema.org","@graph":[{"@type":"WebPage","@id":"https:\/\/grandhotellhornan.com\/en\/dining-room-bar\/breakfast\/","url":"https:\/\/grandhotellhornan.com\/en\/dining-room-bar\/breakfast\/","name":"Breakfast - Grand Hotell H\u00f6rnan","isPartOf":{"@id":"https:\/\/www.grandhotellhornan.com\/#website"},"datePublished":"2015-09-22T08:34:09+00:00","dateModified":"2025-03-21T08:05:15+00:00","description":"Starta dagen p\u00e5 b\u00e4sta s\u00e4tt med en god hotellfrukost serverad i vacker milj\u00f6. Hos oss ing\u00e5r alltid frukost i priset n\u00e4r du bor p\u00e5 hotellet.","breadcrumb":{"@id":"https:\/\/grandhotellhornan.com\/en\/dining-room-bar\/breakfast\/#breadcrumb"},"inLanguage":"en-US","potentialAction":[{"@type":"ReadAction","target":["https:\/\/grandhotellhornan.com\/en\/dining-room-bar\/breakfast\/"]}]},{"@type":"BreadcrumbList","@id":"https:\/\/grandhotellhornan.com\/en\/dining-room-bar\/breakfast\/#breadcrumb","itemListElement":[{"@type":"ListItem","position":1,"name":"Hem","item":"https:\/\/www.grandhotellhornan.com\/en\/"},{"@type":"ListItem","position":2,"name":"Dining room &#038; bar","item":"https:\/\/www.grandhotellhornan.com\/en\/dining-room-bar\/"},{"@type":"ListItem","position":3,"name":"Breakfast"}]},{"@type":"WebSite","@id":"https:\/\/www.grandhotellhornan.com\/#website","url":"https:\/\/www.grandhotellhornan.com\/","name":"Grand Hotell H\u00f6rnan","description":"Ett anrikt hotell mitt i hj\u00e4rtat av Uppsala n\u00e4ra flygbuss och j\u00e4rnv\u00e4gsstation, med utsikt \u00f6ver sev\u00e4rdheter som Domkyrkan och Slottet.","potentialAction":[{"@type":"SearchAction","target":{"@type":"EntryPoint","urlTemplate":"https:\/\/www.grandhotellhornan.com\/?s={search_term_string}"},"query-input":"required name=search_term_string"}],"inLanguage":"en-US"}]}},"publishpress_future_action":{"enabled":false,"date":"1970-01-01 00:00:00","action":"","terms":[],"taxonomy":"","browser_timezone_offset":0},"_links":{"self":[{"href":"https:\/\/grandhotellhornan.com\/en\/wp-json\/wp\/v2\/pages\/532"}],"collection":[{"href":"https:\/\/grandhotellhornan.com\/en\/wp-json\/wp\/v2\/pages"}],"about":[{"href":"https:\/\/grandhotellhornan.com\/en\/wp-json\/wp\/v2\/types\/page"}],"author":[{"embeddable":true,"href":"https:\/\/grandhotellhornan.com\/en\/wp-json\/wp\/v2\/users\/1"}],"replies":[{"embeddable":true,"href":"https:\/\/grandhotellhornan.com\/en\/wp-json\/wp\/v2\/comments?post=532"}],"version-history":[{"count":4,"href":"https:\/\/grandhotellhornan.com\/en\/wp-json\/wp\/v2\/pages\/532\/revisions"}],"predecessor-version":[{"id":1105,"href":"https:\/\/grandhotellhornan.com\/en\/wp-json\/wp\/v2\/pages\/532\/revisions\/1105"}],"up":[{"embeddable":true,"href":"https:\/\/grandhotellhornan.com\/en\/wp-json\/wp\/v2\/pages\/529"}],"wp:featuredmedia":[{"embeddable":true,"href":"https:\/\/grandhotellhornan.com\/en\/wp-json\/wp\/v2\/media\/56"}],"wp:attachment":[{"href":"https:\/\/grandhotellhornan.com\/en\/wp-json\/wp\/v2\/media?parent=532"}],"curies":[{"name":"wp","href":"https:\/\/api.w.org\/{rel}","templated":true}]}}