{"id":414,"date":"2015-09-22T09:57:13","date_gmt":"2015-09-22T09:57:13","guid":{"rendered":"http:\/\/www.grandhotellhornan.com\/?page_id=414&#038;lang=en"},"modified":"2015-09-22T09:57:13","modified_gmt":"2015-09-22T09:57:13","slug":"hotel","status":"publish","type":"page","link":"https:\/\/grandhotellhornan.com\/en\/hotel\/","title":{"rendered":"Hotel"},"content":{"rendered":"","protected":false},"excerpt":{"rendered":"","protected":false},"author":1,"featured_media":100,"parent":0,"menu_order":0,"comment_status":"open","ping_status":"open","template":"page-list-category.php","meta":{"_links_to":"","_links_to_target":""},"acf":[],"yoast_head":"<!-- This site is optimized with the Yoast SEO plugin v20.13 - https:\/\/yoast.com\/wordpress\/plugins\/seo\/ -->\n<title>Hotel - Grand Hotell H\u00f6rnan<\/title>\n<meta name=\"robots\" content=\"index, follow, max-snippet:-1, max-image-preview:large, max-video-preview:-1\" \/>\n<link rel=\"canonical\" href=\"https:\/\/grandhotellhornan.com\/en\/hotel\/\" \/>\n<meta property=\"og:locale\" content=\"en_US\" \/>\n<meta property=\"og:type\" content=\"article\" \/>\n<meta property=\"og:title\" content=\"Hotel - Grand Hotell H\u00f6rnan\" \/>\n<meta property=\"og:url\" content=\"https:\/\/grandhotellhornan.com\/en\/hotel\/\" \/>\n<meta property=\"og:site_name\" content=\"Grand Hotell H\u00f6rnan\" \/>\n<meta property=\"og:image\" content=\"https:\/\/grandhotellhornan.com\/content\/uploads\/2015\/05\/hornan-placeholder.gif\" \/>\n\t<meta property=\"og:image:width\" content=\"380\" \/>\n\t<meta property=\"og:image:height\" content=\"250\" \/>\n\t<meta property=\"og:image:type\" content=\"image\/gif\" \/>\n<meta name=\"twitter:card\" content=\"summary_large_image\" \/>\n<script type=\"application\/ld+json\" class=\"yoast-schema-graph\">{\"@context\":\"https:\/\/schema.org\",\"@graph\":[{\"@type\":\"WebPage\",\"@id\":\"https:\/\/grandhotellhornan.com\/en\/hotel\/\",\"url\":\"https:\/\/grandhotellhornan.com\/en\/hotel\/\",\"name\":\"Hotel - Grand Hotell H\u00f6rnan\",\"isPartOf\":{\"@id\":\"https:\/\/grandhotellhornan.com\/#website\"},\"datePublished\":\"2015-09-22T09:57:13+00:00\",\"dateModified\":\"2015-09-22T09:57:13+00:00\",\"breadcrumb\":{\"@id\":\"https:\/\/grandhotellhornan.com\/en\/hotel\/#breadcrumb\"},\"inLanguage\":\"en-US\",\"potentialAction\":[{\"@type\":\"ReadAction\",\"target\":[\"https:\/\/grandhotellhornan.com\/en\/hotel\/\"]}]},{\"@type\":\"BreadcrumbList\",\"@id\":\"https:\/\/grandhotellhornan.com\/en\/hotel\/#breadcrumb\",\"itemListElement\":[{\"@type\":\"ListItem\",\"position\":1,\"name\":\"Hem\",\"item\":\"https:\/\/grandhotellhornan.com\/en\/\"},{\"@type\":\"ListItem\",\"position\":2,\"name\":\"Hotel\"}]},{\"@type\":\"WebSite\",\"@id\":\"https:\/\/grandhotellhornan.com\/#website\",\"url\":\"https:\/\/grandhotellhornan.com\/\",\"name\":\"Grand Hotell H\u00f6rnan\",\"description\":\"Ett anrikt hotell mitt i hj\u00e4rtat av Uppsala n\u00e4ra flygbuss och j\u00e4rnv\u00e4gsstation, med utsikt \u00f6ver sev\u00e4rdheter som Domkyrkan och Slottet.\",\"potentialAction\":[{\"@type\":\"SearchAction\",\"target\":{\"@type\":\"EntryPoint\",\"urlTemplate\":\"https:\/\/grandhotellhornan.com\/?s={search_term_string}\"},\"query-input\":\"required name=search_term_string\"}],\"inLanguage\":\"en-US\"}]}<\/script>\n<!-- \/ Yoast SEO plugin. -->","yoast_head_json":{"title":"Hotel - Grand Hotell H\u00f6rnan","robots":{"index":"index","follow":"follow","max-snippet":"max-snippet:-1","max-image-preview":"max-image-preview:large","max-video-preview":"max-video-preview:-1"},"canonical":"https:\/\/grandhotellhornan.com\/en\/hotel\/","og_locale":"en_US","og_type":"article","og_title":"Hotel - Grand Hotell H\u00f6rnan","og_url":"https:\/\/grandhotellhornan.com\/en\/hotel\/","og_site_name":"Grand Hotell H\u00f6rnan","og_image":[{"width":380,"height":250,"url":"https:\/\/grandhotellhornan.com\/content\/uploads\/2015\/05\/hornan-placeholder.gif","type":"image\/gif"}],"twitter_card":"summary_large_image","schema":{"@context":"https:\/\/schema.org","@graph":[{"@type":"WebPage","@id":"https:\/\/grandhotellhornan.com\/en\/hotel\/","url":"https:\/\/grandhotellhornan.com\/en\/hotel\/","name":"Hotel - Grand Hotell H\u00f6rnan","isPartOf":{"@id":"https:\/\/grandhotellhornan.com\/#website"},"datePublished":"2015-09-22T09:57:13+00:00","dateModified":"2015-09-22T09:57:13+00:00","breadcrumb":{"@id":"https:\/\/grandhotellhornan.com\/en\/hotel\/#breadcrumb"},"inLanguage":"en-US","potentialAction":[{"@type":"ReadAction","target":["https:\/\/grandhotellhornan.com\/en\/hotel\/"]}]},{"@type":"BreadcrumbList","@id":"https:\/\/grandhotellhornan.com\/en\/hotel\/#breadcrumb","itemListElement":[{"@type":"ListItem","position":1,"name":"Hem","item":"https:\/\/grandhotellhornan.com\/en\/"},{"@type":"ListItem","position":2,"name":"Hotel"}]},{"@type":"WebSite","@id":"https:\/\/grandhotellhornan.com\/#website","url":"https:\/\/grandhotellhornan.com\/","name":"Grand Hotell H\u00f6rnan","description":"Ett anrikt hotell mitt i hj\u00e4rtat av Uppsala n\u00e4ra flygbuss och j\u00e4rnv\u00e4gsstation, med utsikt \u00f6ver sev\u00e4rdheter som Domkyrkan och Slottet.","potentialAction":[{"@type":"SearchAction","target":{"@type":"EntryPoint","urlTemplate":"https:\/\/grandhotellhornan.com\/?s={search_term_string}"},"query-input":"required name=search_term_string"}],"inLanguage":"en-US"}]}},"publishpress_future_action":{"enabled":false,"date":"1970-01-01 00:00:00","action":"","terms":[],"taxonomy":"","browser_timezone_offset":0},"_links":{"self":[{"href":"https:\/\/grandhotellhornan.com\/en\/wp-json\/wp\/v2\/pages\/414"}],"collection":[{"href":"https:\/\/grandhotellhornan.com\/en\/wp-json\/wp\/v2\/pages"}],"about":[{"href":"https:\/\/grandhotellhornan.com\/en\/wp-json\/wp\/v2\/types\/page"}],"author":[{"embeddable":true,"href":"https:\/\/grandhotellhornan.com\/en\/wp-json\/wp\/v2\/users\/1"}],"replies":[{"embeddable":true,"href":"https:\/\/grandhotellhornan.com\/en\/wp-json\/wp\/v2\/comments?post=414"}],"version-history":[{"count":1,"href":"https:\/\/grandhotellhornan.com\/en\/wp-json\/wp\/v2\/pages\/414\/revisions"}],"predecessor-version":[{"id":415,"href":"https:\/\/grandhotellhornan.com\/en\/wp-json\/wp\/v2\/pages\/414\/revisions\/415"}],"wp:featuredmedia":[{"embeddable":true,"href":"https:\/\/grandhotellhornan.com\/en\/wp-json\/wp\/v2\/media\/100"}],"wp:attachment":[{"href":"https:\/\/grandhotellhornan.com\/en\/wp-json\/wp\/v2\/media?parent=414"}],"curies":[{"name":"wp","href":"https:\/\/api.w.org\/{rel}","templated":true}]}}