{"id":409,"date":"2015-09-22T09:44:46","date_gmt":"2015-09-22T09:44:46","guid":{"rendered":"http:\/\/www.grandhotellhornan.com\/?page_id=409&#038;lang=en"},"modified":"2015-09-22T09:44:46","modified_gmt":"2015-09-22T09:44:46","slug":"history-of-the-hotel","status":"publish","type":"page","link":"https:\/\/grandhotellhornan.com\/en\/hotel\/history-of-the-hotel\/","title":{"rendered":"History of the hotel"},"content":{"rendered":"<p class=\"p1\">In the early 1900s, Hjalmar Kallenberg \u2013 an engineer and a native of Uppsala \u2013 heads off to Italy to study hotels. Upon his return he purchases a building on the east bank of Fyris\u00e5n river, where he commissions construction of Grand Hotell H\u00f6rnan in line with European dimensions.<\/p>\n<p class=\"p1\">In late winter\/early spring 1907, Grand Hotell H\u00f6rnan opens its doors, instantly becoming the biggest and most exclusive hotel in Uppsala with its 29 rooms. It is also the first hotel in Uppsala to have installed central heating.<\/p>\n<p class=\"p1\">The hotel was designed by Ture Stenberg, the accomplished architect. The style is contemporary Neo-baroque, with a hint of Art nouveau in the d\u00e9cor. The fa\u00e7ades are finished with plaster in light colours, with softly curved gables and rich ornamentation. The balconies feature beautifully shaped cast iron railings. The mansard roof and the tower section with its simple plastered decoration inspired by the principles of Art nouveau adds to the sense of splendour.<\/p>\n<p class=\"p1\">During the first decade of the 1900s, trade flourishes in Uppsala and the market for hotels is large. In addition to Grand Hotell H\u00f6rnan, the city is home to establishments including Hotel Gillet, Stadshotellet and Rullan. In 1911, however, the city hotels face a time of crisis. The hoteliers therefore choose to team up to exploit the benefits of scale, and the company Uppsala Hotell AB is founded. In connection with this move, the hotel players jointly purchase a farm in B\u00e4rby just outside Uppsala to supply meat, eggs and milk to the hotels.<\/p>\n<p class=\"p1\">In 1933, a certain Ms. Eriksson purchases the Grand Hotell H\u00f6rnan from the company. She subsequently marries and takes the name Andemo, and the hotel remains in her family for three generations. In 1999, the decision is made to sell the hotel to the Bennbom family, which runs Grand Hotell H\u00f6rnan to this day.<\/p>\n<p class=\"p1\"><a href=\"http:\/\/www.grandhotellhornan.com\/content\/uploads\/2015\/06\/historia1.jpg\"><img decoding=\"async\" loading=\"lazy\" class=\"alignnone size-full wp-image-290\" src=\"http:\/\/www.grandhotellhornan.com\/content\/uploads\/2015\/06\/historia1.jpg\" srcset=\"http:\/\/www.grandhotellhornan.com\/content\/uploads\/2015\/06\/historia1-480x579.jpg 480w, http:\/\/www.grandhotellhornan.com\/content\/uploads\/2015\/06\/historia1-290x350.jpg 290w, http:\/\/www.grandhotellhornan.com\/content\/uploads\/2015\/06\/historia1.jpg 580w\" alt=\"historia\" width=\"580\" height=\"700\" data-sizes=\"(max-width: 580px) 100vw, 580px\" \/><\/a><\/p>\n","protected":false},"excerpt":{"rendered":"<p>In the early 1900s, Hjalmar Kallenberg \u2013 an engineer and a native of Uppsala \u2013 heads off to Italy to study hotels. Upon his return he purchases a building on the east bank of Fyris\u00e5n river, where he commissions construction of Grand Hotell H\u00f6rnan in line with European dimensions. In late winter\/early spring 1907, Grand [&hellip;]<\/p>\n","protected":false},"author":1,"featured_media":331,"parent":414,"menu_order":0,"comment_status":"open","ping_status":"open","template":"","meta":{"_links_to":"","_links_to_target":""},"acf":[],"yoast_head":"<!-- This site is optimized with the Yoast SEO plugin v20.13 - https:\/\/yoast.com\/wordpress\/plugins\/seo\/ -->\n<title>History of the hotel - Grand Hotell H\u00f6rnan<\/title>\n<meta name=\"robots\" content=\"index, follow, max-snippet:-1, max-image-preview:large, max-video-preview:-1\" \/>\n<link rel=\"canonical\" href=\"https:\/\/grandhotellhornan.com\/en\/hotel\/history-of-the-hotel\/\" \/>\n<meta property=\"og:locale\" content=\"en_US\" \/>\n<meta property=\"og:type\" content=\"article\" \/>\n<meta property=\"og:title\" content=\"History of the hotel - Grand Hotell H\u00f6rnan\" \/>\n<meta property=\"og:description\" content=\"In the early 1900s, Hjalmar Kallenberg \u2013 an engineer and a native of Uppsala \u2013 heads off to Italy to study hotels. Upon his return he purchases a building on the east bank of Fyris\u00e5n river, where he commissions construction of Grand Hotell H\u00f6rnan in line with European dimensions. In late winter\/early spring 1907, Grand [&hellip;]\" \/>\n<meta property=\"og:url\" content=\"https:\/\/grandhotellhornan.com\/en\/hotel\/history-of-the-hotel\/\" \/>\n<meta property=\"og:site_name\" content=\"Grand Hotell H\u00f6rnan\" \/>\n<meta property=\"og:image\" content=\"https:\/\/grandhotellhornan.com\/content\/uploads\/2015\/04\/historia.png\" \/>\n\t<meta property=\"og:image:width\" content=\"760\" \/>\n\t<meta property=\"og:image:height\" content=\"500\" \/>\n\t<meta property=\"og:image:type\" content=\"image\/png\" \/>\n<meta name=\"twitter:card\" content=\"summary_large_image\" \/>\n<meta name=\"twitter:label1\" content=\"Est. reading time\" \/>\n\t<meta name=\"twitter:data1\" content=\"2 minutes\" \/>\n<script type=\"application\/ld+json\" class=\"yoast-schema-graph\">{\"@context\":\"https:\/\/schema.org\",\"@graph\":[{\"@type\":\"WebPage\",\"@id\":\"https:\/\/grandhotellhornan.com\/en\/hotel\/history-of-the-hotel\/\",\"url\":\"https:\/\/grandhotellhornan.com\/en\/hotel\/history-of-the-hotel\/\",\"name\":\"History of the hotel - Grand Hotell H\u00f6rnan\",\"isPartOf\":{\"@id\":\"https:\/\/grandhotellhornan.com\/#website\"},\"datePublished\":\"2015-09-22T09:44:46+00:00\",\"dateModified\":\"2015-09-22T09:44:46+00:00\",\"breadcrumb\":{\"@id\":\"https:\/\/grandhotellhornan.com\/en\/hotel\/history-of-the-hotel\/#breadcrumb\"},\"inLanguage\":\"en-US\",\"potentialAction\":[{\"@type\":\"ReadAction\",\"target\":[\"https:\/\/grandhotellhornan.com\/en\/hotel\/history-of-the-hotel\/\"]}]},{\"@type\":\"BreadcrumbList\",\"@id\":\"https:\/\/grandhotellhornan.com\/en\/hotel\/history-of-the-hotel\/#breadcrumb\",\"itemListElement\":[{\"@type\":\"ListItem\",\"position\":1,\"name\":\"Hem\",\"item\":\"https:\/\/grandhotellhornan.com\/en\/\"},{\"@type\":\"ListItem\",\"position\":2,\"name\":\"Hotel\",\"item\":\"https:\/\/www.grandhotellhornan.com\/en\/hotel\/\"},{\"@type\":\"ListItem\",\"position\":3,\"name\":\"History of the hotel\"}]},{\"@type\":\"WebSite\",\"@id\":\"https:\/\/grandhotellhornan.com\/#website\",\"url\":\"https:\/\/grandhotellhornan.com\/\",\"name\":\"Grand Hotell H\u00f6rnan\",\"description\":\"Ett anrikt hotell mitt i hj\u00e4rtat av Uppsala n\u00e4ra flygbuss och j\u00e4rnv\u00e4gsstation, med utsikt \u00f6ver sev\u00e4rdheter som Domkyrkan och Slottet.\",\"potentialAction\":[{\"@type\":\"SearchAction\",\"target\":{\"@type\":\"EntryPoint\",\"urlTemplate\":\"https:\/\/grandhotellhornan.com\/?s={search_term_string}\"},\"query-input\":\"required name=search_term_string\"}],\"inLanguage\":\"en-US\"}]}<\/script>\n<!-- \/ Yoast SEO plugin. -->","yoast_head_json":{"title":"History of the hotel - Grand Hotell H\u00f6rnan","robots":{"index":"index","follow":"follow","max-snippet":"max-snippet:-1","max-image-preview":"max-image-preview:large","max-video-preview":"max-video-preview:-1"},"canonical":"https:\/\/grandhotellhornan.com\/en\/hotel\/history-of-the-hotel\/","og_locale":"en_US","og_type":"article","og_title":"History of the hotel - Grand Hotell H\u00f6rnan","og_description":"In the early 1900s, Hjalmar Kallenberg \u2013 an engineer and a native of Uppsala \u2013 heads off to Italy to study hotels. Upon his return he purchases a building on the east bank of Fyris\u00e5n river, where he commissions construction of Grand Hotell H\u00f6rnan in line with European dimensions. In late winter\/early spring 1907, Grand [&hellip;]","og_url":"https:\/\/grandhotellhornan.com\/en\/hotel\/history-of-the-hotel\/","og_site_name":"Grand Hotell H\u00f6rnan","og_image":[{"width":760,"height":500,"url":"https:\/\/grandhotellhornan.com\/content\/uploads\/2015\/04\/historia.png","type":"image\/png"}],"twitter_card":"summary_large_image","twitter_misc":{"Est. reading time":"2 minutes"},"schema":{"@context":"https:\/\/schema.org","@graph":[{"@type":"WebPage","@id":"https:\/\/grandhotellhornan.com\/en\/hotel\/history-of-the-hotel\/","url":"https:\/\/grandhotellhornan.com\/en\/hotel\/history-of-the-hotel\/","name":"History of the hotel - Grand Hotell H\u00f6rnan","isPartOf":{"@id":"https:\/\/grandhotellhornan.com\/#website"},"datePublished":"2015-09-22T09:44:46+00:00","dateModified":"2015-09-22T09:44:46+00:00","breadcrumb":{"@id":"https:\/\/grandhotellhornan.com\/en\/hotel\/history-of-the-hotel\/#breadcrumb"},"inLanguage":"en-US","potentialAction":[{"@type":"ReadAction","target":["https:\/\/grandhotellhornan.com\/en\/hotel\/history-of-the-hotel\/"]}]},{"@type":"BreadcrumbList","@id":"https:\/\/grandhotellhornan.com\/en\/hotel\/history-of-the-hotel\/#breadcrumb","itemListElement":[{"@type":"ListItem","position":1,"name":"Hem","item":"https:\/\/grandhotellhornan.com\/en\/"},{"@type":"ListItem","position":2,"name":"Hotel","item":"https:\/\/www.grandhotellhornan.com\/en\/hotel\/"},{"@type":"ListItem","position":3,"name":"History of the hotel"}]},{"@type":"WebSite","@id":"https:\/\/grandhotellhornan.com\/#website","url":"https:\/\/grandhotellhornan.com\/","name":"Grand Hotell H\u00f6rnan","description":"Ett anrikt hotell mitt i hj\u00e4rtat av Uppsala n\u00e4ra flygbuss och j\u00e4rnv\u00e4gsstation, med utsikt \u00f6ver sev\u00e4rdheter som Domkyrkan och Slottet.","potentialAction":[{"@type":"SearchAction","target":{"@type":"EntryPoint","urlTemplate":"https:\/\/grandhotellhornan.com\/?s={search_term_string}"},"query-input":"required name=search_term_string"}],"inLanguage":"en-US"}]}},"publishpress_future_action":{"enabled":false,"date":"1970-01-01 00:00:00","action":"","terms":[],"taxonomy":"","browser_timezone_offset":0},"_links":{"self":[{"href":"https:\/\/grandhotellhornan.com\/en\/wp-json\/wp\/v2\/pages\/409"}],"collection":[{"href":"https:\/\/grandhotellhornan.com\/en\/wp-json\/wp\/v2\/pages"}],"about":[{"href":"https:\/\/grandhotellhornan.com\/en\/wp-json\/wp\/v2\/types\/page"}],"author":[{"embeddable":true,"href":"https:\/\/grandhotellhornan.com\/en\/wp-json\/wp\/v2\/users\/1"}],"replies":[{"embeddable":true,"href":"https:\/\/grandhotellhornan.com\/en\/wp-json\/wp\/v2\/comments?post=409"}],"version-history":[{"count":1,"href":"https:\/\/grandhotellhornan.com\/en\/wp-json\/wp\/v2\/pages\/409\/revisions"}],"predecessor-version":[{"id":410,"href":"https:\/\/grandhotellhornan.com\/en\/wp-json\/wp\/v2\/pages\/409\/revisions\/410"}],"up":[{"embeddable":true,"href":"https:\/\/grandhotellhornan.com\/en\/wp-json\/wp\/v2\/pages\/414"}],"wp:featuredmedia":[{"embeddable":true,"href":"https:\/\/grandhotellhornan.com\/en\/wp-json\/wp\/v2\/media\/331"}],"wp:attachment":[{"href":"https:\/\/grandhotellhornan.com\/en\/wp-json\/wp\/v2\/media?parent=409"}],"curies":[{"name":"wp","href":"https:\/\/api.w.org\/{rel}","templated":true}]}}