{"id":407,"date":"2015-09-22T09:43:28","date_gmt":"2015-09-22T09:43:28","guid":{"rendered":"http:\/\/www.grandhotellhornan.com\/?page_id=407&#038;lang=en"},"modified":"2025-01-16T13:38:53","modified_gmt":"2025-01-16T13:38:53","slug":"about-the-hotel","status":"publish","type":"page","link":"https:\/\/grandhotellhornan.com\/en\/hotel\/about-the-hotel\/","title":{"rendered":"About the hotel"},"content":{"rendered":"<p>Grand Hotell H\u00f6rnan is a hotel with deep roots and a long, eventful history.<\/p>\n<p>It is a small, family operated hotel that has been owned and run by the Bennbom family since 1999. Following the change of ownership, the hotel has been successively renovated. The intention has been to attempt to retain and recreate a part of Uppsala\u2019s hotel history while providing guests with a different kind of accommodation experience.<\/p>\n<p>The hotel caters to all kinds of guests: from business travellers and congress delegates to private citizens visiting Uppsala on their holidays. It has also become the leading hotel in the city for weddings.<\/p>\n<p>Entire parties often choose to check into the hotel and meet up in the dining room to enjoy a delicious breakfast together before going their separate ways.<\/p>\n<p>Grand Hotell H\u00f6rnan is devoted to personal service and commitment in a welcoming environment. As our guest, you can be sure of an experience to remember for all the right reasons \u2013 one that will make you want to come back again.<\/p>\n<p>Grand Hotell H\u00f6rnan AB<\/p>\n<p>Bang\u00e5rdsgatan 1<\/p>\n<p>SE-753 20 Uppsala<\/p>\n<p>Company reg. no. 556621-1958<\/p>\n","protected":false},"excerpt":{"rendered":"<p>Grand Hotell H\u00f6rnan is a hotel with deep roots and a long, eventful history. It is a small, family operated hotel that has been owned and run by the Bennbom family since 1999. Following the change of ownership, the hotel has been successively renovated. The intention has been to attempt to retain and recreate a [&hellip;]<\/p>\n","protected":false},"author":1,"featured_media":573,"parent":414,"menu_order":0,"comment_status":"open","ping_status":"open","template":"","meta":{"_links_to":"","_links_to_target":""},"acf":[],"yoast_head":"<!-- This site is optimized with the Yoast SEO plugin v20.13 - https:\/\/yoast.com\/wordpress\/plugins\/seo\/ -->\n<title>About the hotel - Grand Hotell H\u00f6rnan<\/title>\n<meta name=\"robots\" content=\"index, follow, max-snippet:-1, max-image-preview:large, max-video-preview:-1\" \/>\n<link rel=\"canonical\" href=\"https:\/\/grandhotellhornan.com\/en\/hotel\/about-the-hotel\/\" \/>\n<meta property=\"og:locale\" content=\"en_US\" \/>\n<meta property=\"og:type\" content=\"article\" \/>\n<meta property=\"og:title\" content=\"About the hotel - Grand Hotell H\u00f6rnan\" \/>\n<meta property=\"og:description\" content=\"Grand Hotell H\u00f6rnan is a hotel with deep roots and a long, eventful history. It is a small, family operated hotel that has been owned and run by the Bennbom family since 1999. Following the change of ownership, the hotel has been successively renovated. The intention has been to attempt to retain and recreate a [&hellip;]\" \/>\n<meta property=\"og:url\" content=\"https:\/\/grandhotellhornan.com\/en\/hotel\/about-the-hotel\/\" \/>\n<meta property=\"og:site_name\" content=\"Grand Hotell H\u00f6rnan\" \/>\n<meta property=\"article:modified_time\" content=\"2025-01-16T13:38:53+00:00\" \/>\n<meta property=\"og:image\" content=\"https:\/\/grandhotellhornan.com\/content\/uploads\/2015\/09\/omhotellet_ENG.jpg\" \/>\n\t<meta property=\"og:image:width\" content=\"760\" \/>\n\t<meta property=\"og:image:height\" content=\"500\" \/>\n\t<meta property=\"og:image:type\" content=\"image\/jpeg\" \/>\n<meta name=\"twitter:card\" content=\"summary_large_image\" \/>\n<meta name=\"twitter:label1\" content=\"Est. reading time\" \/>\n\t<meta name=\"twitter:data1\" content=\"1 minute\" \/>\n<script type=\"application\/ld+json\" class=\"yoast-schema-graph\">{\"@context\":\"https:\/\/schema.org\",\"@graph\":[{\"@type\":\"WebPage\",\"@id\":\"https:\/\/grandhotellhornan.com\/en\/hotel\/about-the-hotel\/\",\"url\":\"https:\/\/grandhotellhornan.com\/en\/hotel\/about-the-hotel\/\",\"name\":\"About the hotel - Grand Hotell H\u00f6rnan\",\"isPartOf\":{\"@id\":\"https:\/\/grandhotellhornan.com\/#website\"},\"datePublished\":\"2015-09-22T09:43:28+00:00\",\"dateModified\":\"2025-01-16T13:38:53+00:00\",\"breadcrumb\":{\"@id\":\"https:\/\/grandhotellhornan.com\/en\/hotel\/about-the-hotel\/#breadcrumb\"},\"inLanguage\":\"en-US\",\"potentialAction\":[{\"@type\":\"ReadAction\",\"target\":[\"https:\/\/grandhotellhornan.com\/en\/hotel\/about-the-hotel\/\"]}]},{\"@type\":\"BreadcrumbList\",\"@id\":\"https:\/\/grandhotellhornan.com\/en\/hotel\/about-the-hotel\/#breadcrumb\",\"itemListElement\":[{\"@type\":\"ListItem\",\"position\":1,\"name\":\"Hem\",\"item\":\"https:\/\/grandhotellhornan.com\/en\/\"},{\"@type\":\"ListItem\",\"position\":2,\"name\":\"Hotel\",\"item\":\"https:\/\/www.grandhotellhornan.com\/en\/hotel\/\"},{\"@type\":\"ListItem\",\"position\":3,\"name\":\"About the hotel\"}]},{\"@type\":\"WebSite\",\"@id\":\"https:\/\/grandhotellhornan.com\/#website\",\"url\":\"https:\/\/grandhotellhornan.com\/\",\"name\":\"Grand Hotell H\u00f6rnan\",\"description\":\"Ett anrikt hotell mitt i hj\u00e4rtat av Uppsala n\u00e4ra flygbuss och j\u00e4rnv\u00e4gsstation, med utsikt \u00f6ver sev\u00e4rdheter som Domkyrkan och Slottet.\",\"potentialAction\":[{\"@type\":\"SearchAction\",\"target\":{\"@type\":\"EntryPoint\",\"urlTemplate\":\"https:\/\/grandhotellhornan.com\/?s={search_term_string}\"},\"query-input\":\"required name=search_term_string\"}],\"inLanguage\":\"en-US\"}]}<\/script>\n<!-- \/ Yoast SEO plugin. -->","yoast_head_json":{"title":"About the hotel - Grand Hotell H\u00f6rnan","robots":{"index":"index","follow":"follow","max-snippet":"max-snippet:-1","max-image-preview":"max-image-preview:large","max-video-preview":"max-video-preview:-1"},"canonical":"https:\/\/grandhotellhornan.com\/en\/hotel\/about-the-hotel\/","og_locale":"en_US","og_type":"article","og_title":"About the hotel - Grand Hotell H\u00f6rnan","og_description":"Grand Hotell H\u00f6rnan is a hotel with deep roots and a long, eventful history. It is a small, family operated hotel that has been owned and run by the Bennbom family since 1999. Following the change of ownership, the hotel has been successively renovated. The intention has been to attempt to retain and recreate a [&hellip;]","og_url":"https:\/\/grandhotellhornan.com\/en\/hotel\/about-the-hotel\/","og_site_name":"Grand Hotell H\u00f6rnan","article_modified_time":"2025-01-16T13:38:53+00:00","og_image":[{"width":760,"height":500,"url":"https:\/\/grandhotellhornan.com\/content\/uploads\/2015\/09\/omhotellet_ENG.jpg","type":"image\/jpeg"}],"twitter_card":"summary_large_image","twitter_misc":{"Est. reading time":"1 minute"},"schema":{"@context":"https:\/\/schema.org","@graph":[{"@type":"WebPage","@id":"https:\/\/grandhotellhornan.com\/en\/hotel\/about-the-hotel\/","url":"https:\/\/grandhotellhornan.com\/en\/hotel\/about-the-hotel\/","name":"About the hotel - Grand Hotell H\u00f6rnan","isPartOf":{"@id":"https:\/\/grandhotellhornan.com\/#website"},"datePublished":"2015-09-22T09:43:28+00:00","dateModified":"2025-01-16T13:38:53+00:00","breadcrumb":{"@id":"https:\/\/grandhotellhornan.com\/en\/hotel\/about-the-hotel\/#breadcrumb"},"inLanguage":"en-US","potentialAction":[{"@type":"ReadAction","target":["https:\/\/grandhotellhornan.com\/en\/hotel\/about-the-hotel\/"]}]},{"@type":"BreadcrumbList","@id":"https:\/\/grandhotellhornan.com\/en\/hotel\/about-the-hotel\/#breadcrumb","itemListElement":[{"@type":"ListItem","position":1,"name":"Hem","item":"https:\/\/grandhotellhornan.com\/en\/"},{"@type":"ListItem","position":2,"name":"Hotel","item":"https:\/\/www.grandhotellhornan.com\/en\/hotel\/"},{"@type":"ListItem","position":3,"name":"About the hotel"}]},{"@type":"WebSite","@id":"https:\/\/grandhotellhornan.com\/#website","url":"https:\/\/grandhotellhornan.com\/","name":"Grand Hotell H\u00f6rnan","description":"Ett anrikt hotell mitt i hj\u00e4rtat av Uppsala n\u00e4ra flygbuss och j\u00e4rnv\u00e4gsstation, med utsikt \u00f6ver sev\u00e4rdheter som Domkyrkan och Slottet.","potentialAction":[{"@type":"SearchAction","target":{"@type":"EntryPoint","urlTemplate":"https:\/\/grandhotellhornan.com\/?s={search_term_string}"},"query-input":"required name=search_term_string"}],"inLanguage":"en-US"}]}},"publishpress_future_action":{"enabled":false,"date":"1970-01-01 00:00:00","action":"","terms":[],"taxonomy":"","browser_timezone_offset":0},"_links":{"self":[{"href":"https:\/\/grandhotellhornan.com\/en\/wp-json\/wp\/v2\/pages\/407"}],"collection":[{"href":"https:\/\/grandhotellhornan.com\/en\/wp-json\/wp\/v2\/pages"}],"about":[{"href":"https:\/\/grandhotellhornan.com\/en\/wp-json\/wp\/v2\/types\/page"}],"author":[{"embeddable":true,"href":"https:\/\/grandhotellhornan.com\/en\/wp-json\/wp\/v2\/users\/1"}],"replies":[{"embeddable":true,"href":"https:\/\/grandhotellhornan.com\/en\/wp-json\/wp\/v2\/comments?post=407"}],"version-history":[{"count":2,"href":"https:\/\/grandhotellhornan.com\/en\/wp-json\/wp\/v2\/pages\/407\/revisions"}],"predecessor-version":[{"id":1079,"href":"https:\/\/grandhotellhornan.com\/en\/wp-json\/wp\/v2\/pages\/407\/revisions\/1079"}],"up":[{"embeddable":true,"href":"https:\/\/grandhotellhornan.com\/en\/wp-json\/wp\/v2\/pages\/414"}],"wp:featuredmedia":[{"embeddable":true,"href":"https:\/\/grandhotellhornan.com\/en\/wp-json\/wp\/v2\/media\/573"}],"wp:attachment":[{"href":"https:\/\/grandhotellhornan.com\/en\/wp-json\/wp\/v2\/media?parent=407"}],"curies":[{"name":"wp","href":"https:\/\/api.w.org\/{rel}","templated":true}]}}