{"id":405,"date":"2015-09-22T09:40:16","date_gmt":"2015-09-22T09:40:16","guid":{"rendered":"http:\/\/www.grandhotellhornan.com\/?page_id=405&#038;lang=en"},"modified":"2015-09-30T09:31:07","modified_gmt":"2015-09-30T09:31:07","slug":"our-rooms","status":"publish","type":"page","link":"https:\/\/grandhotellhornan.com\/en\/hotel\/our-rooms\/","title":{"rendered":"Our rooms"},"content":{"rendered":"<p class=\"p1\">Grand Hotell H\u00f6rnan\u00a0has 37 delightful rooms and can accommodate 65 guests. The rooms are furnished in a style in which old-fashion charm has been retained and blended with modern material. The size and appointment of the rooms vary, covering everything from cosy singles to spacious doubles. The Suite and the Corner Rooms provide the finest views the hotel has to offer \u2013 and the Corner Rooms have balconies as well. This page presents additional information about our rooms.<\/p>\n","protected":false},"excerpt":{"rendered":"<p>Grand Hotell H\u00f6rnan\u00a0has 37 delightful rooms and can accommodate 65 guests. The rooms are furnished in a style in which old-fashion charm has been retained and blended with modern material. The size and appointment of the rooms vary, covering everything from cosy singles to spacious doubles. The Suite and the Corner Rooms provide the finest [&hellip;]<\/p>\n","protected":false},"author":1,"featured_media":579,"parent":414,"menu_order":0,"comment_status":"open","ping_status":"open","template":"page-list-type.php","meta":{"_links_to":"","_links_to_target":""},"acf":[],"yoast_head":"<!-- This site is optimized with the Yoast SEO plugin v20.13 - https:\/\/yoast.com\/wordpress\/plugins\/seo\/ -->\n<title>Our rooms - Grand Hotell H\u00f6rnan<\/title>\n<meta name=\"robots\" content=\"index, follow, max-snippet:-1, max-image-preview:large, max-video-preview:-1\" \/>\n<link rel=\"canonical\" href=\"https:\/\/grandhotellhornan.com\/en\/hotel\/our-rooms\/\" \/>\n<meta property=\"og:locale\" content=\"en_US\" \/>\n<meta property=\"og:type\" content=\"article\" \/>\n<meta property=\"og:title\" content=\"Our rooms - Grand Hotell H\u00f6rnan\" \/>\n<meta property=\"og:description\" content=\"Grand Hotell H\u00f6rnan\u00a0has 37 delightful rooms and can accommodate 65 guests. The rooms are furnished in a style in which old-fashion charm has been retained and blended with modern material. The size and appointment of the rooms vary, covering everything from cosy singles to spacious doubles. The Suite and the Corner Rooms provide the finest [&hellip;]\" \/>\n<meta property=\"og:url\" content=\"https:\/\/grandhotellhornan.com\/en\/hotel\/our-rooms\/\" \/>\n<meta property=\"og:site_name\" content=\"Grand Hotell H\u00f6rnan\" \/>\n<meta property=\"article:modified_time\" content=\"2015-09-30T09:31:07+00:00\" \/>\n<meta property=\"og:image\" content=\"https:\/\/grandhotellhornan.com\/content\/uploads\/2015\/09\/rum_ENG_2.png\" \/>\n\t<meta property=\"og:image:width\" content=\"760\" \/>\n\t<meta property=\"og:image:height\" content=\"500\" \/>\n\t<meta property=\"og:image:type\" content=\"image\/png\" \/>\n<meta name=\"twitter:card\" content=\"summary_large_image\" \/>\n<script type=\"application\/ld+json\" class=\"yoast-schema-graph\">{\"@context\":\"https:\/\/schema.org\",\"@graph\":[{\"@type\":\"WebPage\",\"@id\":\"https:\/\/grandhotellhornan.com\/en\/hotel\/our-rooms\/\",\"url\":\"https:\/\/grandhotellhornan.com\/en\/hotel\/our-rooms\/\",\"name\":\"Our rooms - Grand Hotell H\u00f6rnan\",\"isPartOf\":{\"@id\":\"https:\/\/www.grandhotellhornan.com\/en\/#website\"},\"datePublished\":\"2015-09-22T09:40:16+00:00\",\"dateModified\":\"2015-09-30T09:31:07+00:00\",\"breadcrumb\":{\"@id\":\"https:\/\/grandhotellhornan.com\/en\/hotel\/our-rooms\/#breadcrumb\"},\"inLanguage\":\"en-US\",\"potentialAction\":[{\"@type\":\"ReadAction\",\"target\":[\"https:\/\/grandhotellhornan.com\/en\/hotel\/our-rooms\/\"]}]},{\"@type\":\"BreadcrumbList\",\"@id\":\"https:\/\/grandhotellhornan.com\/en\/hotel\/our-rooms\/#breadcrumb\",\"itemListElement\":[{\"@type\":\"ListItem\",\"position\":1,\"name\":\"Hem\",\"item\":\"https:\/\/www.grandhotellhornan.com\/en\/\"},{\"@type\":\"ListItem\",\"position\":2,\"name\":\"Hotel\",\"item\":\"https:\/\/www.grandhotellhornan.com\/en\/hotel\/\"},{\"@type\":\"ListItem\",\"position\":3,\"name\":\"Our rooms\"}]},{\"@type\":\"WebSite\",\"@id\":\"https:\/\/www.grandhotellhornan.com\/en\/#website\",\"url\":\"https:\/\/www.grandhotellhornan.com\/en\/\",\"name\":\"Grand Hotell H\u00f6rnan\",\"description\":\"Ett anrikt hotell mitt i hj\u00e4rtat av Uppsala n\u00e4ra flygbuss och j\u00e4rnv\u00e4gsstation, med utsikt \u00f6ver sev\u00e4rdheter som Domkyrkan och Slottet.\",\"potentialAction\":[{\"@type\":\"SearchAction\",\"target\":{\"@type\":\"EntryPoint\",\"urlTemplate\":\"https:\/\/www.grandhotellhornan.com\/en\/?s={search_term_string}\"},\"query-input\":\"required name=search_term_string\"}],\"inLanguage\":\"en-US\"}]}<\/script>\n<!-- \/ Yoast SEO plugin. -->","yoast_head_json":{"title":"Our rooms - Grand Hotell H\u00f6rnan","robots":{"index":"index","follow":"follow","max-snippet":"max-snippet:-1","max-image-preview":"max-image-preview:large","max-video-preview":"max-video-preview:-1"},"canonical":"https:\/\/grandhotellhornan.com\/en\/hotel\/our-rooms\/","og_locale":"en_US","og_type":"article","og_title":"Our rooms - Grand Hotell H\u00f6rnan","og_description":"Grand Hotell H\u00f6rnan\u00a0has 37 delightful rooms and can accommodate 65 guests. The rooms are furnished in a style in which old-fashion charm has been retained and blended with modern material. The size and appointment of the rooms vary, covering everything from cosy singles to spacious doubles. The Suite and the Corner Rooms provide the finest [&hellip;]","og_url":"https:\/\/grandhotellhornan.com\/en\/hotel\/our-rooms\/","og_site_name":"Grand Hotell H\u00f6rnan","article_modified_time":"2015-09-30T09:31:07+00:00","og_image":[{"width":760,"height":500,"url":"https:\/\/grandhotellhornan.com\/content\/uploads\/2015\/09\/rum_ENG_2.png","type":"image\/png"}],"twitter_card":"summary_large_image","schema":{"@context":"https:\/\/schema.org","@graph":[{"@type":"WebPage","@id":"https:\/\/grandhotellhornan.com\/en\/hotel\/our-rooms\/","url":"https:\/\/grandhotellhornan.com\/en\/hotel\/our-rooms\/","name":"Our rooms - Grand Hotell H\u00f6rnan","isPartOf":{"@id":"https:\/\/www.grandhotellhornan.com\/en\/#website"},"datePublished":"2015-09-22T09:40:16+00:00","dateModified":"2015-09-30T09:31:07+00:00","breadcrumb":{"@id":"https:\/\/grandhotellhornan.com\/en\/hotel\/our-rooms\/#breadcrumb"},"inLanguage":"en-US","potentialAction":[{"@type":"ReadAction","target":["https:\/\/grandhotellhornan.com\/en\/hotel\/our-rooms\/"]}]},{"@type":"BreadcrumbList","@id":"https:\/\/grandhotellhornan.com\/en\/hotel\/our-rooms\/#breadcrumb","itemListElement":[{"@type":"ListItem","position":1,"name":"Hem","item":"https:\/\/www.grandhotellhornan.com\/en\/"},{"@type":"ListItem","position":2,"name":"Hotel","item":"https:\/\/www.grandhotellhornan.com\/en\/hotel\/"},{"@type":"ListItem","position":3,"name":"Our rooms"}]},{"@type":"WebSite","@id":"https:\/\/www.grandhotellhornan.com\/en\/#website","url":"https:\/\/www.grandhotellhornan.com\/en\/","name":"Grand Hotell H\u00f6rnan","description":"Ett anrikt hotell mitt i hj\u00e4rtat av Uppsala n\u00e4ra flygbuss och j\u00e4rnv\u00e4gsstation, med utsikt \u00f6ver sev\u00e4rdheter som Domkyrkan och Slottet.","potentialAction":[{"@type":"SearchAction","target":{"@type":"EntryPoint","urlTemplate":"https:\/\/www.grandhotellhornan.com\/en\/?s={search_term_string}"},"query-input":"required name=search_term_string"}],"inLanguage":"en-US"}]}},"publishpress_future_action":{"enabled":false,"date":"1970-01-01 00:00:00","action":"","terms":[],"taxonomy":"","browser_timezone_offset":0},"_links":{"self":[{"href":"https:\/\/grandhotellhornan.com\/en\/wp-json\/wp\/v2\/pages\/405"}],"collection":[{"href":"https:\/\/grandhotellhornan.com\/en\/wp-json\/wp\/v2\/pages"}],"about":[{"href":"https:\/\/grandhotellhornan.com\/en\/wp-json\/wp\/v2\/types\/page"}],"author":[{"embeddable":true,"href":"https:\/\/grandhotellhornan.com\/en\/wp-json\/wp\/v2\/users\/1"}],"replies":[{"embeddable":true,"href":"https:\/\/grandhotellhornan.com\/en\/wp-json\/wp\/v2\/comments?post=405"}],"version-history":[{"count":1,"href":"https:\/\/grandhotellhornan.com\/en\/wp-json\/wp\/v2\/pages\/405\/revisions"}],"predecessor-version":[{"id":406,"href":"https:\/\/grandhotellhornan.com\/en\/wp-json\/wp\/v2\/pages\/405\/revisions\/406"}],"up":[{"embeddable":true,"href":"https:\/\/grandhotellhornan.com\/en\/wp-json\/wp\/v2\/pages\/414"}],"wp:featuredmedia":[{"embeddable":true,"href":"https:\/\/grandhotellhornan.com\/en\/wp-json\/wp\/v2\/media\/579"}],"wp:attachment":[{"href":"https:\/\/grandhotellhornan.com\/en\/wp-json\/wp\/v2\/media?parent=405"}],"curies":[{"name":"wp","href":"https:\/\/api.w.org\/{rel}","templated":true}]}}