{"id":403,"date":"2015-09-22T09:38:47","date_gmt":"2015-09-22T09:38:47","guid":{"rendered":"http:\/\/www.grandhotellhornan.com\/?page_id=403&#038;lang=en"},"modified":"2015-09-24T14:08:47","modified_gmt":"2015-09-24T14:08:47","slug":"contact-us","status":"publish","type":"page","link":"https:\/\/grandhotellhornan.com\/en\/contact-us\/","title":{"rendered":"Contact us"},"content":{"rendered":"<p class=\"p1\">We accept bookings by phone or <a href=\"https:\/\/www.shecenter.com\/book-b\/Room.aspx?h=129\"><span class=\"s1\"><b>online<\/b><\/span><\/a>. Please do not hesitate to contact us if you have any questions!<\/p>\n<p>&nbsp;<\/p>\n<p class=\"p1\">Tel. +46 18 13 93 80<\/p>\n<p class=\"p2\"><span class=\"s1\">Email: <a href=\"mailto:info@grandhotellhornan.com\"><span class=\"s2\"><b>info@grandhotellhornan.com<\/b><\/span><\/a><\/span><\/p>\n<p class=\"p2\">Address: Bang\u00e5rdsgatan 1, 753 20 Uppsala<\/p>\n<p class=\"p2\"><a href=\"https:\/\/www.google.com\/maps\/dir\/\/59.8563372,17.6406791\/@59.856337,17.640679,16z?hl=sv-SE\" target=\"_blank\">Show roadmap (new browser window)<\/a><\/p>\n<p>&nbsp;<\/p>\n<p>&nbsp;<\/p>\n<p><iframe loading=\"lazy\" style=\"border: 0;\" src=\"https:\/\/www.google.com\/maps\/embed?pb=!1m18!1m12!1m3!1d2003.5666208091088!2d17.6406791!3d59.85633719999999!2m3!1f0!2f0!3f0!3m2!1i1024!2i768!4f13.1!3m3!1m2!1s0x465fcbfa0587bce9%3A0x4d8b4fc843e86567!2sGrand+Hotell+H%C3%B6rnan!5e0!3m2!1ssv!2sse!4v1443015273629\" width=\"100%\" height=\"300\" frameborder=\"0\"><\/iframe><\/p>\n","protected":false},"excerpt":{"rendered":"<p>We accept bookings by phone or online. Please do not hesitate to contact us if you have any questions! &nbsp; Tel. +46 18 13 93 80 Email: info@grandhotellhornan.com Address: Bang\u00e5rdsgatan 1, 753 20 Uppsala Show roadmap (new browser window) &nbsp; &nbsp;<\/p>\n","protected":false},"author":1,"featured_media":100,"parent":0,"menu_order":0,"comment_status":"open","ping_status":"open","template":"","meta":{"_links_to":"","_links_to_target":""},"acf":[],"yoast_head":"<!-- This site is optimized with the Yoast SEO plugin v20.13 - https:\/\/yoast.com\/wordpress\/plugins\/seo\/ -->\n<title>Contact us - Grand Hotell H\u00f6rnan<\/title>\n<meta name=\"robots\" content=\"index, follow, max-snippet:-1, max-image-preview:large, max-video-preview:-1\" \/>\n<link rel=\"canonical\" href=\"https:\/\/grandhotellhornan.com\/en\/contact-us\/\" \/>\n<meta property=\"og:locale\" content=\"en_US\" \/>\n<meta property=\"og:type\" content=\"article\" \/>\n<meta property=\"og:title\" content=\"Contact us - Grand Hotell H\u00f6rnan\" \/>\n<meta property=\"og:description\" content=\"We accept bookings by phone or online. Please do not hesitate to contact us if you have any questions! &nbsp; Tel. +46 18 13 93 80 Email: info@grandhotellhornan.com Address: Bang\u00e5rdsgatan 1, 753 20 Uppsala Show roadmap (new browser window) &nbsp; &nbsp;\" \/>\n<meta property=\"og:url\" content=\"https:\/\/grandhotellhornan.com\/en\/contact-us\/\" \/>\n<meta property=\"og:site_name\" content=\"Grand Hotell H\u00f6rnan\" \/>\n<meta property=\"article:modified_time\" content=\"2015-09-24T14:08:47+00:00\" \/>\n<meta property=\"og:image\" content=\"https:\/\/grandhotellhornan.com\/content\/uploads\/2015\/05\/hornan-placeholder.gif\" \/>\n\t<meta property=\"og:image:width\" content=\"380\" \/>\n\t<meta property=\"og:image:height\" content=\"250\" \/>\n\t<meta property=\"og:image:type\" content=\"image\/gif\" \/>\n<meta name=\"twitter:card\" content=\"summary_large_image\" \/>\n<script type=\"application\/ld+json\" class=\"yoast-schema-graph\">{\"@context\":\"https:\/\/schema.org\",\"@graph\":[{\"@type\":\"WebPage\",\"@id\":\"https:\/\/grandhotellhornan.com\/en\/contact-us\/\",\"url\":\"https:\/\/grandhotellhornan.com\/en\/contact-us\/\",\"name\":\"Contact us - Grand Hotell H\u00f6rnan\",\"isPartOf\":{\"@id\":\"https:\/\/www.grandhotellhornan.com\/#website\"},\"datePublished\":\"2015-09-22T09:38:47+00:00\",\"dateModified\":\"2015-09-24T14:08:47+00:00\",\"breadcrumb\":{\"@id\":\"https:\/\/grandhotellhornan.com\/en\/contact-us\/#breadcrumb\"},\"inLanguage\":\"en-US\",\"potentialAction\":[{\"@type\":\"ReadAction\",\"target\":[\"https:\/\/grandhotellhornan.com\/en\/contact-us\/\"]}]},{\"@type\":\"BreadcrumbList\",\"@id\":\"https:\/\/grandhotellhornan.com\/en\/contact-us\/#breadcrumb\",\"itemListElement\":[{\"@type\":\"ListItem\",\"position\":1,\"name\":\"Hem\",\"item\":\"https:\/\/www.grandhotellhornan.com\/en\/\"},{\"@type\":\"ListItem\",\"position\":2,\"name\":\"Contact us\"}]},{\"@type\":\"WebSite\",\"@id\":\"https:\/\/www.grandhotellhornan.com\/#website\",\"url\":\"https:\/\/www.grandhotellhornan.com\/\",\"name\":\"Grand Hotell H\u00f6rnan\",\"description\":\"Ett anrikt hotell mitt i hj\u00e4rtat av Uppsala n\u00e4ra flygbuss och j\u00e4rnv\u00e4gsstation, med utsikt \u00f6ver sev\u00e4rdheter som Domkyrkan och Slottet.\",\"potentialAction\":[{\"@type\":\"SearchAction\",\"target\":{\"@type\":\"EntryPoint\",\"urlTemplate\":\"https:\/\/www.grandhotellhornan.com\/?s={search_term_string}\"},\"query-input\":\"required name=search_term_string\"}],\"inLanguage\":\"en-US\"}]}<\/script>\n<!-- \/ Yoast SEO plugin. -->","yoast_head_json":{"title":"Contact us - Grand Hotell H\u00f6rnan","robots":{"index":"index","follow":"follow","max-snippet":"max-snippet:-1","max-image-preview":"max-image-preview:large","max-video-preview":"max-video-preview:-1"},"canonical":"https:\/\/grandhotellhornan.com\/en\/contact-us\/","og_locale":"en_US","og_type":"article","og_title":"Contact us - Grand Hotell H\u00f6rnan","og_description":"We accept bookings by phone or online. Please do not hesitate to contact us if you have any questions! &nbsp; Tel. +46 18 13 93 80 Email: info@grandhotellhornan.com Address: Bang\u00e5rdsgatan 1, 753 20 Uppsala Show roadmap (new browser window) &nbsp; &nbsp;","og_url":"https:\/\/grandhotellhornan.com\/en\/contact-us\/","og_site_name":"Grand Hotell H\u00f6rnan","article_modified_time":"2015-09-24T14:08:47+00:00","og_image":[{"width":380,"height":250,"url":"https:\/\/grandhotellhornan.com\/content\/uploads\/2015\/05\/hornan-placeholder.gif","type":"image\/gif"}],"twitter_card":"summary_large_image","schema":{"@context":"https:\/\/schema.org","@graph":[{"@type":"WebPage","@id":"https:\/\/grandhotellhornan.com\/en\/contact-us\/","url":"https:\/\/grandhotellhornan.com\/en\/contact-us\/","name":"Contact us - Grand Hotell H\u00f6rnan","isPartOf":{"@id":"https:\/\/www.grandhotellhornan.com\/#website"},"datePublished":"2015-09-22T09:38:47+00:00","dateModified":"2015-09-24T14:08:47+00:00","breadcrumb":{"@id":"https:\/\/grandhotellhornan.com\/en\/contact-us\/#breadcrumb"},"inLanguage":"en-US","potentialAction":[{"@type":"ReadAction","target":["https:\/\/grandhotellhornan.com\/en\/contact-us\/"]}]},{"@type":"BreadcrumbList","@id":"https:\/\/grandhotellhornan.com\/en\/contact-us\/#breadcrumb","itemListElement":[{"@type":"ListItem","position":1,"name":"Hem","item":"https:\/\/www.grandhotellhornan.com\/en\/"},{"@type":"ListItem","position":2,"name":"Contact us"}]},{"@type":"WebSite","@id":"https:\/\/www.grandhotellhornan.com\/#website","url":"https:\/\/www.grandhotellhornan.com\/","name":"Grand Hotell H\u00f6rnan","description":"Ett anrikt hotell mitt i hj\u00e4rtat av Uppsala n\u00e4ra flygbuss och j\u00e4rnv\u00e4gsstation, med utsikt \u00f6ver sev\u00e4rdheter som Domkyrkan och Slottet.","potentialAction":[{"@type":"SearchAction","target":{"@type":"EntryPoint","urlTemplate":"https:\/\/www.grandhotellhornan.com\/?s={search_term_string}"},"query-input":"required name=search_term_string"}],"inLanguage":"en-US"}]}},"publishpress_future_action":{"enabled":false,"date":"1970-01-01 00:00:00","action":"","terms":[],"taxonomy":"","browser_timezone_offset":0},"_links":{"self":[{"href":"https:\/\/grandhotellhornan.com\/en\/wp-json\/wp\/v2\/pages\/403"}],"collection":[{"href":"https:\/\/grandhotellhornan.com\/en\/wp-json\/wp\/v2\/pages"}],"about":[{"href":"https:\/\/grandhotellhornan.com\/en\/wp-json\/wp\/v2\/types\/page"}],"author":[{"embeddable":true,"href":"https:\/\/grandhotellhornan.com\/en\/wp-json\/wp\/v2\/users\/1"}],"replies":[{"embeddable":true,"href":"https:\/\/grandhotellhornan.com\/en\/wp-json\/wp\/v2\/comments?post=403"}],"version-history":[{"count":21,"href":"https:\/\/grandhotellhornan.com\/en\/wp-json\/wp\/v2\/pages\/403\/revisions"}],"predecessor-version":[{"id":564,"href":"https:\/\/grandhotellhornan.com\/en\/wp-json\/wp\/v2\/pages\/403\/revisions\/564"}],"wp:featuredmedia":[{"embeddable":true,"href":"https:\/\/grandhotellhornan.com\/en\/wp-json\/wp\/v2\/media\/100"}],"wp:attachment":[{"href":"https:\/\/grandhotellhornan.com\/en\/wp-json\/wp\/v2\/media?parent=403"}],"curies":[{"name":"wp","href":"https:\/\/api.w.org\/{rel}","templated":true}]}}