{"id":401,"date":"2015-09-22T09:36:23","date_gmt":"2015-09-22T09:36:23","guid":{"rendered":"http:\/\/www.grandhotellhornan.com\/?page_id=401&#038;lang=en"},"modified":"2015-09-23T11:08:53","modified_gmt":"2015-09-23T11:08:53","slug":"booking-regulations","status":"publish","type":"page","link":"https:\/\/grandhotellhornan.com\/en\/contact-us\/booking-regulations\/","title":{"rendered":"Booking regulations"},"content":{"rendered":"<p>Bookings can be made by phone or online. We follow the Visita \u2013 Swedish hospitality industry \u2013 recommendations concerning hotel bookings. These are presented in brief below.<\/p>\n<ul>\n<li>Hotel rooms are at the disposal of the guest as from 15.00 on the day of arrival.<\/li>\n<li>Rooms must be vacated no later than 12 noon on the day of departure.<\/li>\n<li>Rooms are reserved until 18.00 on the day of arrival. Guests arriving later than 18.00 must inform the hotel of this in advance, so as to avoid the risk of the hotel letting the room to someone else.<\/li>\n<li>Cancellations of hotel room bookings must be made no later than 18.00 on the day before the date of arrival. Cancellations later than this or \u2018no shows\u2019 will result in guests being charged the full price of the room for a day.<\/li>\n<\/ul>\n<p class=\"p1\">If you would like to read the recommendations (in Swedish) in full, click the following link to download the text:\u00a0<a href=\"http:\/\/www.grandhotellhornan.com\/hotell\/images\/hemsidan\/Att_bo_pa_hotell.pdf\">Staying at a hotel<\/a><\/p>\n<p class=\"p1\">We also apply the Visita booking regulations for restaurant reservations. To download these regulations (in Swedish) in full, click <a href=\"http:\/\/www.grandhotellhornan.com\/hotell\/images\/pdf\/SHR_allmanna_villkor_arrangemang.pdf\">here<\/a><\/p>\n<p class=\"p1\">Please do not hesitate to contact us if you have any questions!<\/p>\n<p class=\"p1\">Grand Hotell H\u00f6rnan \u2022 AB Bang\u00e5rdsgatan 1 \u2022 SE-753 20 Uppsala \u2022 Tel.: +46 18 13 93 80 \u2022 Fax: +46 18 12 03 11 \u2022 Email: <a href=\"mailto:info@grandhotellhornan.com\"><span class=\"s2\"><b>info@grandhotellhornan.com<\/b><\/span><\/a><\/p>\n","protected":false},"excerpt":{"rendered":"<p>Bookings can be made by phone or online. We follow the Visita \u2013 Swedish hospitality industry \u2013 recommendations concerning hotel bookings. These are presented in brief below. Hotel rooms are at the disposal of the guest as from 15.00 on the day of arrival. Rooms must be vacated no later than 12 noon on the [&hellip;]<\/p>\n","protected":false},"author":1,"featured_media":207,"parent":403,"menu_order":0,"comment_status":"open","ping_status":"open","template":"","meta":{"_links_to":"","_links_to_target":""},"acf":[],"yoast_head":"<!-- This site is optimized with the Yoast SEO plugin v20.13 - https:\/\/yoast.com\/wordpress\/plugins\/seo\/ -->\n<title>Booking regulations - Grand Hotell H\u00f6rnan<\/title>\n<meta name=\"robots\" content=\"index, follow, max-snippet:-1, max-image-preview:large, max-video-preview:-1\" \/>\n<link rel=\"canonical\" href=\"https:\/\/grandhotellhornan.com\/en\/contact-us\/booking-regulations\/\" \/>\n<meta property=\"og:locale\" content=\"en_US\" \/>\n<meta property=\"og:type\" content=\"article\" \/>\n<meta property=\"og:title\" content=\"Booking regulations - Grand Hotell H\u00f6rnan\" \/>\n<meta property=\"og:description\" content=\"Bookings can be made by phone or online. We follow the Visita \u2013 Swedish hospitality industry \u2013 recommendations concerning hotel bookings. These are presented in brief below. Hotel rooms are at the disposal of the guest as from 15.00 on the day of arrival. Rooms must be vacated no later than 12 noon on the [&hellip;]\" \/>\n<meta property=\"og:url\" content=\"https:\/\/grandhotellhornan.com\/en\/contact-us\/booking-regulations\/\" \/>\n<meta property=\"og:site_name\" content=\"Grand Hotell H\u00f6rnan\" \/>\n<meta property=\"article:modified_time\" content=\"2015-09-23T11:08:53+00:00\" \/>\n<meta property=\"og:image\" content=\"https:\/\/grandhotellhornan.com\/content\/uploads\/2015\/06\/bokning-e1433849584192.jpg\" \/>\n\t<meta property=\"og:image:width\" content=\"380\" \/>\n\t<meta property=\"og:image:height\" content=\"250\" \/>\n\t<meta property=\"og:image:type\" content=\"image\/jpeg\" \/>\n<meta name=\"twitter:card\" content=\"summary_large_image\" \/>\n<meta name=\"twitter:label1\" content=\"Est. reading time\" \/>\n\t<meta name=\"twitter:data1\" content=\"1 minute\" \/>\n<script type=\"application\/ld+json\" class=\"yoast-schema-graph\">{\"@context\":\"https:\/\/schema.org\",\"@graph\":[{\"@type\":\"WebPage\",\"@id\":\"https:\/\/grandhotellhornan.com\/en\/contact-us\/booking-regulations\/\",\"url\":\"https:\/\/grandhotellhornan.com\/en\/contact-us\/booking-regulations\/\",\"name\":\"Booking regulations - Grand Hotell H\u00f6rnan\",\"isPartOf\":{\"@id\":\"https:\/\/www.grandhotellhornan.com\/#website\"},\"datePublished\":\"2015-09-22T09:36:23+00:00\",\"dateModified\":\"2015-09-23T11:08:53+00:00\",\"breadcrumb\":{\"@id\":\"https:\/\/grandhotellhornan.com\/en\/contact-us\/booking-regulations\/#breadcrumb\"},\"inLanguage\":\"en-US\",\"potentialAction\":[{\"@type\":\"ReadAction\",\"target\":[\"https:\/\/grandhotellhornan.com\/en\/contact-us\/booking-regulations\/\"]}]},{\"@type\":\"BreadcrumbList\",\"@id\":\"https:\/\/grandhotellhornan.com\/en\/contact-us\/booking-regulations\/#breadcrumb\",\"itemListElement\":[{\"@type\":\"ListItem\",\"position\":1,\"name\":\"Hem\",\"item\":\"https:\/\/grandhotellhornan.com\/en\/\"},{\"@type\":\"ListItem\",\"position\":2,\"name\":\"Contact us\",\"item\":\"https:\/\/www.grandhotellhornan.com\/en\/contact-us\/\"},{\"@type\":\"ListItem\",\"position\":3,\"name\":\"Booking regulations\"}]},{\"@type\":\"WebSite\",\"@id\":\"https:\/\/www.grandhotellhornan.com\/#website\",\"url\":\"https:\/\/www.grandhotellhornan.com\/\",\"name\":\"Grand Hotell H\u00f6rnan\",\"description\":\"Ett anrikt hotell mitt i hj\u00e4rtat av Uppsala n\u00e4ra flygbuss och j\u00e4rnv\u00e4gsstation, med utsikt \u00f6ver sev\u00e4rdheter som Domkyrkan och Slottet.\",\"potentialAction\":[{\"@type\":\"SearchAction\",\"target\":{\"@type\":\"EntryPoint\",\"urlTemplate\":\"https:\/\/www.grandhotellhornan.com\/?s={search_term_string}\"},\"query-input\":\"required name=search_term_string\"}],\"inLanguage\":\"en-US\"}]}<\/script>\n<!-- \/ Yoast SEO plugin. -->","yoast_head_json":{"title":"Booking regulations - Grand Hotell H\u00f6rnan","robots":{"index":"index","follow":"follow","max-snippet":"max-snippet:-1","max-image-preview":"max-image-preview:large","max-video-preview":"max-video-preview:-1"},"canonical":"https:\/\/grandhotellhornan.com\/en\/contact-us\/booking-regulations\/","og_locale":"en_US","og_type":"article","og_title":"Booking regulations - Grand Hotell H\u00f6rnan","og_description":"Bookings can be made by phone or online. We follow the Visita \u2013 Swedish hospitality industry \u2013 recommendations concerning hotel bookings. These are presented in brief below. Hotel rooms are at the disposal of the guest as from 15.00 on the day of arrival. Rooms must be vacated no later than 12 noon on the [&hellip;]","og_url":"https:\/\/grandhotellhornan.com\/en\/contact-us\/booking-regulations\/","og_site_name":"Grand Hotell H\u00f6rnan","article_modified_time":"2015-09-23T11:08:53+00:00","og_image":[{"width":380,"height":250,"url":"https:\/\/grandhotellhornan.com\/content\/uploads\/2015\/06\/bokning-e1433849584192.jpg","type":"image\/jpeg"}],"twitter_card":"summary_large_image","twitter_misc":{"Est. reading time":"1 minute"},"schema":{"@context":"https:\/\/schema.org","@graph":[{"@type":"WebPage","@id":"https:\/\/grandhotellhornan.com\/en\/contact-us\/booking-regulations\/","url":"https:\/\/grandhotellhornan.com\/en\/contact-us\/booking-regulations\/","name":"Booking regulations - Grand Hotell H\u00f6rnan","isPartOf":{"@id":"https:\/\/www.grandhotellhornan.com\/#website"},"datePublished":"2015-09-22T09:36:23+00:00","dateModified":"2015-09-23T11:08:53+00:00","breadcrumb":{"@id":"https:\/\/grandhotellhornan.com\/en\/contact-us\/booking-regulations\/#breadcrumb"},"inLanguage":"en-US","potentialAction":[{"@type":"ReadAction","target":["https:\/\/grandhotellhornan.com\/en\/contact-us\/booking-regulations\/"]}]},{"@type":"BreadcrumbList","@id":"https:\/\/grandhotellhornan.com\/en\/contact-us\/booking-regulations\/#breadcrumb","itemListElement":[{"@type":"ListItem","position":1,"name":"Hem","item":"https:\/\/grandhotellhornan.com\/en\/"},{"@type":"ListItem","position":2,"name":"Contact us","item":"https:\/\/www.grandhotellhornan.com\/en\/contact-us\/"},{"@type":"ListItem","position":3,"name":"Booking regulations"}]},{"@type":"WebSite","@id":"https:\/\/www.grandhotellhornan.com\/#website","url":"https:\/\/www.grandhotellhornan.com\/","name":"Grand Hotell H\u00f6rnan","description":"Ett anrikt hotell mitt i hj\u00e4rtat av Uppsala n\u00e4ra flygbuss och j\u00e4rnv\u00e4gsstation, med utsikt \u00f6ver sev\u00e4rdheter som Domkyrkan och Slottet.","potentialAction":[{"@type":"SearchAction","target":{"@type":"EntryPoint","urlTemplate":"https:\/\/www.grandhotellhornan.com\/?s={search_term_string}"},"query-input":"required name=search_term_string"}],"inLanguage":"en-US"}]}},"publishpress_future_action":{"enabled":false,"date":"1970-01-01 00:00:00","action":"","terms":[],"taxonomy":"","browser_timezone_offset":0},"_links":{"self":[{"href":"https:\/\/grandhotellhornan.com\/en\/wp-json\/wp\/v2\/pages\/401"}],"collection":[{"href":"https:\/\/grandhotellhornan.com\/en\/wp-json\/wp\/v2\/pages"}],"about":[{"href":"https:\/\/grandhotellhornan.com\/en\/wp-json\/wp\/v2\/types\/page"}],"author":[{"embeddable":true,"href":"https:\/\/grandhotellhornan.com\/en\/wp-json\/wp\/v2\/users\/1"}],"replies":[{"embeddable":true,"href":"https:\/\/grandhotellhornan.com\/en\/wp-json\/wp\/v2\/comments?post=401"}],"version-history":[{"count":1,"href":"https:\/\/grandhotellhornan.com\/en\/wp-json\/wp\/v2\/pages\/401\/revisions"}],"predecessor-version":[{"id":402,"href":"https:\/\/grandhotellhornan.com\/en\/wp-json\/wp\/v2\/pages\/401\/revisions\/402"}],"up":[{"embeddable":true,"href":"https:\/\/grandhotellhornan.com\/en\/wp-json\/wp\/v2\/pages\/403"}],"wp:featuredmedia":[{"embeddable":true,"href":"https:\/\/grandhotellhornan.com\/en\/wp-json\/wp\/v2\/media\/207"}],"wp:attachment":[{"href":"https:\/\/grandhotellhornan.com\/en\/wp-json\/wp\/v2\/media?parent=401"}],"curies":[{"name":"wp","href":"https:\/\/api.w.org\/{rel}","templated":true}]}}