{"id":398,"date":"2015-09-22T09:28:56","date_gmt":"2015-09-22T09:28:56","guid":{"rendered":"http:\/\/www.grandhotellhornan.com\/?page_id=398&#038;lang=en"},"modified":"2015-09-30T07:12:27","modified_gmt":"2015-09-30T07:12:27","slug":"bar","status":"publish","type":"page","link":"https:\/\/grandhotellhornan.com\/en\/dining-room-bar\/bar\/","title":{"rendered":"Bar"},"content":{"rendered":"<p>The hotel\u2019s charming lobby bar is open to both hotel guests and the general public. The staff serve a wide variety of drinks in a wonderful turn-of-the-century hotel ambience. We also serve a simple bar menu, including delicious prawn sandwiches \u2013 which have become remarkably popular \u2013 cheese and trimmings, as well as a combination platter featuring a variety of snacks and treats. There is a free WiFi connection in the bar for all guests, and this is the perfect place to sit down with your laptop and enjoy afternoon coffee with us, far from the hustle and bustle of the office. Later in the afternoon, the bar welcomes the after-work patrons and groups of friends, who raise the atmosphere to a livelier notch, and Saturday afternoons are usually time for the function parties who gather here before heading off to events all over the city. The bar is a place for delightful meetings between a variety of people.<\/p>\n<p>Welcome!<\/p>\n<a href=\"http:\/\/www.grandhotellhornan.com\/content\/uploads\/2015\/05\/bar.png\"><img decoding=\"async\" loading=\"lazy\" class=\"alignnone size-full wp-image-355\" src=\"http:\/\/www.grandhotellhornan.com\/content\/uploads\/2015\/05\/bar.png\" srcset=\"http:\/\/www.grandhotellhornan.com\/content\/uploads\/2015\/05\/bar-845x449.png 845w, http:\/\/www.grandhotellhornan.com\/content\/uploads\/2015\/05\/bar-480x255.png 480w, http:\/\/www.grandhotellhornan.com\/content\/uploads\/2015\/05\/bar-290x154.png 290w, http:\/\/www.grandhotellhornan.com\/content\/uploads\/2015\/05\/bar.png 1130w\" alt=\"bar\" width=\"1130\" height=\"600\" data-sizes=\"(max-width: 1130px) 100vw, 1130px\" \/><\/a>\n","protected":false},"excerpt":{"rendered":"<p>The hotel\u2019s charming lobby bar is open to both hotel guests and the general public. The staff serve a wide variety of drinks in a wonderful turn-of-the-century hotel ambience. We also serve a simple bar menu, including delicious prawn sandwiches \u2013 which have become remarkably popular \u2013 cheese and trimmings, as well as a combination [&hellip;]<\/p>\n","protected":false},"author":1,"featured_media":567,"parent":529,"menu_order":0,"comment_status":"open","ping_status":"open","template":"page-single-col.php","meta":{"_links_to":"","_links_to_target":""},"acf":[],"yoast_head":"<!-- This site is optimized with the Yoast SEO plugin v20.13 - https:\/\/yoast.com\/wordpress\/plugins\/seo\/ -->\n<title>Bar - Grand Hotell H\u00f6rnan<\/title>\n<meta name=\"robots\" content=\"index, follow, max-snippet:-1, max-image-preview:large, max-video-preview:-1\" \/>\n<link rel=\"canonical\" href=\"https:\/\/grandhotellhornan.com\/en\/dining-room-bar\/bar\/\" \/>\n<meta property=\"og:locale\" content=\"en_US\" \/>\n<meta property=\"og:type\" content=\"article\" \/>\n<meta property=\"og:title\" content=\"Bar - Grand Hotell H\u00f6rnan\" \/>\n<meta property=\"og:description\" content=\"The hotel\u2019s charming lobby bar is open to both hotel guests and the general public. The staff serve a wide variety of drinks in a wonderful turn-of-the-century hotel ambience. We also serve a simple bar menu, including delicious prawn sandwiches \u2013 which have become remarkably popular \u2013 cheese and trimmings, as well as a combination [&hellip;]\" \/>\n<meta property=\"og:url\" content=\"https:\/\/grandhotellhornan.com\/en\/dining-room-bar\/bar\/\" \/>\n<meta property=\"og:site_name\" content=\"Grand Hotell H\u00f6rnan\" \/>\n<meta property=\"article:modified_time\" content=\"2015-09-30T07:12:27+00:00\" \/>\n<meta property=\"og:image\" content=\"https:\/\/grandhotellhornan.com\/content\/uploads\/2015\/09\/bar_ENG.jpg\" \/>\n\t<meta property=\"og:image:width\" content=\"760\" \/>\n\t<meta property=\"og:image:height\" content=\"500\" \/>\n\t<meta property=\"og:image:type\" content=\"image\/jpeg\" \/>\n<meta name=\"twitter:card\" content=\"summary_large_image\" \/>\n<meta name=\"twitter:label1\" content=\"Est. reading time\" \/>\n\t<meta name=\"twitter:data1\" content=\"1 minute\" \/>\n<script type=\"application\/ld+json\" class=\"yoast-schema-graph\">{\"@context\":\"https:\/\/schema.org\",\"@graph\":[{\"@type\":\"WebPage\",\"@id\":\"https:\/\/grandhotellhornan.com\/en\/dining-room-bar\/bar\/\",\"url\":\"https:\/\/grandhotellhornan.com\/en\/dining-room-bar\/bar\/\",\"name\":\"Bar - Grand Hotell H\u00f6rnan\",\"isPartOf\":{\"@id\":\"https:\/\/www.grandhotellhornan.com\/#website\"},\"datePublished\":\"2015-09-22T09:28:56+00:00\",\"dateModified\":\"2015-09-30T07:12:27+00:00\",\"breadcrumb\":{\"@id\":\"https:\/\/grandhotellhornan.com\/en\/dining-room-bar\/bar\/#breadcrumb\"},\"inLanguage\":\"en-US\",\"potentialAction\":[{\"@type\":\"ReadAction\",\"target\":[\"https:\/\/grandhotellhornan.com\/en\/dining-room-bar\/bar\/\"]}]},{\"@type\":\"BreadcrumbList\",\"@id\":\"https:\/\/grandhotellhornan.com\/en\/dining-room-bar\/bar\/#breadcrumb\",\"itemListElement\":[{\"@type\":\"ListItem\",\"position\":1,\"name\":\"Hem\",\"item\":\"https:\/\/grandhotellhornan.com\/en\/\"},{\"@type\":\"ListItem\",\"position\":2,\"name\":\"Dining room &#038; bar\",\"item\":\"https:\/\/grandhotellhornan.com\/en\/dining-room-bar\/\"},{\"@type\":\"ListItem\",\"position\":3,\"name\":\"Bar\"}]},{\"@type\":\"WebSite\",\"@id\":\"https:\/\/www.grandhotellhornan.com\/#website\",\"url\":\"https:\/\/www.grandhotellhornan.com\/\",\"name\":\"Grand Hotell H\u00f6rnan\",\"description\":\"Ett anrikt hotell mitt i hj\u00e4rtat av Uppsala n\u00e4ra flygbuss och j\u00e4rnv\u00e4gsstation, med utsikt \u00f6ver sev\u00e4rdheter som Domkyrkan och Slottet.\",\"potentialAction\":[{\"@type\":\"SearchAction\",\"target\":{\"@type\":\"EntryPoint\",\"urlTemplate\":\"https:\/\/www.grandhotellhornan.com\/?s={search_term_string}\"},\"query-input\":\"required name=search_term_string\"}],\"inLanguage\":\"en-US\"}]}<\/script>\n<!-- \/ Yoast SEO plugin. -->","yoast_head_json":{"title":"Bar - Grand Hotell H\u00f6rnan","robots":{"index":"index","follow":"follow","max-snippet":"max-snippet:-1","max-image-preview":"max-image-preview:large","max-video-preview":"max-video-preview:-1"},"canonical":"https:\/\/grandhotellhornan.com\/en\/dining-room-bar\/bar\/","og_locale":"en_US","og_type":"article","og_title":"Bar - Grand Hotell H\u00f6rnan","og_description":"The hotel\u2019s charming lobby bar is open to both hotel guests and the general public. The staff serve a wide variety of drinks in a wonderful turn-of-the-century hotel ambience. We also serve a simple bar menu, including delicious prawn sandwiches \u2013 which have become remarkably popular \u2013 cheese and trimmings, as well as a combination [&hellip;]","og_url":"https:\/\/grandhotellhornan.com\/en\/dining-room-bar\/bar\/","og_site_name":"Grand Hotell H\u00f6rnan","article_modified_time":"2015-09-30T07:12:27+00:00","og_image":[{"width":760,"height":500,"url":"https:\/\/grandhotellhornan.com\/content\/uploads\/2015\/09\/bar_ENG.jpg","type":"image\/jpeg"}],"twitter_card":"summary_large_image","twitter_misc":{"Est. reading time":"1 minute"},"schema":{"@context":"https:\/\/schema.org","@graph":[{"@type":"WebPage","@id":"https:\/\/grandhotellhornan.com\/en\/dining-room-bar\/bar\/","url":"https:\/\/grandhotellhornan.com\/en\/dining-room-bar\/bar\/","name":"Bar - Grand Hotell H\u00f6rnan","isPartOf":{"@id":"https:\/\/www.grandhotellhornan.com\/#website"},"datePublished":"2015-09-22T09:28:56+00:00","dateModified":"2015-09-30T07:12:27+00:00","breadcrumb":{"@id":"https:\/\/grandhotellhornan.com\/en\/dining-room-bar\/bar\/#breadcrumb"},"inLanguage":"en-US","potentialAction":[{"@type":"ReadAction","target":["https:\/\/grandhotellhornan.com\/en\/dining-room-bar\/bar\/"]}]},{"@type":"BreadcrumbList","@id":"https:\/\/grandhotellhornan.com\/en\/dining-room-bar\/bar\/#breadcrumb","itemListElement":[{"@type":"ListItem","position":1,"name":"Hem","item":"https:\/\/grandhotellhornan.com\/en\/"},{"@type":"ListItem","position":2,"name":"Dining room &#038; bar","item":"https:\/\/grandhotellhornan.com\/en\/dining-room-bar\/"},{"@type":"ListItem","position":3,"name":"Bar"}]},{"@type":"WebSite","@id":"https:\/\/www.grandhotellhornan.com\/#website","url":"https:\/\/www.grandhotellhornan.com\/","name":"Grand Hotell H\u00f6rnan","description":"Ett anrikt hotell mitt i hj\u00e4rtat av Uppsala n\u00e4ra flygbuss och j\u00e4rnv\u00e4gsstation, med utsikt \u00f6ver sev\u00e4rdheter som Domkyrkan och Slottet.","potentialAction":[{"@type":"SearchAction","target":{"@type":"EntryPoint","urlTemplate":"https:\/\/www.grandhotellhornan.com\/?s={search_term_string}"},"query-input":"required name=search_term_string"}],"inLanguage":"en-US"}]}},"publishpress_future_action":{"enabled":false,"date":"1970-01-01 00:00:00","action":"","terms":[],"taxonomy":"","browser_timezone_offset":0},"_links":{"self":[{"href":"https:\/\/grandhotellhornan.com\/en\/wp-json\/wp\/v2\/pages\/398"}],"collection":[{"href":"https:\/\/grandhotellhornan.com\/en\/wp-json\/wp\/v2\/pages"}],"about":[{"href":"https:\/\/grandhotellhornan.com\/en\/wp-json\/wp\/v2\/types\/page"}],"author":[{"embeddable":true,"href":"https:\/\/grandhotellhornan.com\/en\/wp-json\/wp\/v2\/users\/1"}],"replies":[{"embeddable":true,"href":"https:\/\/grandhotellhornan.com\/en\/wp-json\/wp\/v2\/comments?post=398"}],"version-history":[{"count":2,"href":"https:\/\/grandhotellhornan.com\/en\/wp-json\/wp\/v2\/pages\/398\/revisions"}],"predecessor-version":[{"id":539,"href":"https:\/\/grandhotellhornan.com\/en\/wp-json\/wp\/v2\/pages\/398\/revisions\/539"}],"up":[{"embeddable":true,"href":"https:\/\/grandhotellhornan.com\/en\/wp-json\/wp\/v2\/pages\/529"}],"wp:featuredmedia":[{"embeddable":true,"href":"https:\/\/grandhotellhornan.com\/en\/wp-json\/wp\/v2\/media\/567"}],"wp:attachment":[{"href":"https:\/\/grandhotellhornan.com\/en\/wp-json\/wp\/v2\/media?parent=398"}],"curies":[{"name":"wp","href":"https:\/\/api.w.org\/{rel}","templated":true}]}}