{"id":396,"date":"2015-09-22T09:19:36","date_gmt":"2015-09-22T09:19:36","guid":{"rendered":"http:\/\/www.grandhotellhornan.com\/?page_id=396&#038;lang=en"},"modified":"2015-09-23T11:27:32","modified_gmt":"2015-09-23T11:27:32","slug":"dining-room","status":"publish","type":"page","link":"https:\/\/grandhotellhornan.com\/en\/dining-room-bar\/dining-room\/","title":{"rendered":"Dining room"},"content":{"rendered":"<p>The hotel\u2019s delightful dining room is distinguished by an authentic atmosphere and a fine view out over Fyris\u00e5n river. The room can accommodate 30 seated guests and is perfect for lunches, dinners or even cocktail parties.<\/p>\n<p>We work closely with the <a href=\"http:\/\/www.eklundshof.se\" target=\"_blank\">Eklundshofs<\/a>, whose restaurant caters all our events.<br \/>\nFor reservations, please call reception on +46 18 13 93 80 or email us at <span id=\"eeEncEmail_yWJboGVGfD\"><a href=\"mailto:info@grandhotellhornan.com\">info@grandhotellhornan.com<\/a><\/span>.<\/p>\n<a href=\"http:\/\/www.grandhotellhornan.com\/content\/uploads\/2015\/05\/matsal1.png\"><img decoding=\"async\" loading=\"lazy\" class=\"alignnone size-full wp-image-350\" src=\"http:\/\/www.grandhotellhornan.com\/content\/uploads\/2015\/05\/matsal1.png\" srcset=\"http:\/\/www.grandhotellhornan.com\/content\/uploads\/2015\/05\/matsal1-845x449.png 845w, http:\/\/www.grandhotellhornan.com\/content\/uploads\/2015\/05\/matsal1-480x255.png 480w, http:\/\/www.grandhotellhornan.com\/content\/uploads\/2015\/05\/matsal1-290x154.png 290w, http:\/\/www.grandhotellhornan.com\/content\/uploads\/2015\/05\/matsal1.png 1130w\" alt=\"matsal\" width=\"1130\" height=\"600\" data-sizes=\"(max-width: 1130px) 100vw, 1130px\" \/><\/a>\n","protected":false},"excerpt":{"rendered":"<p>The hotel\u2019s delightful dining room is distinguished by an authentic atmosphere and a fine view out over Fyris\u00e5n river. The room can accommodate 30 seated guests and is perfect for lunches, dinners or even cocktail parties. We work closely with the Eklundshofs, whose restaurant caters all our events. For reservations, please call reception on +46 [&hellip;]<\/p>\n","protected":false},"author":1,"featured_media":272,"parent":529,"menu_order":0,"comment_status":"open","ping_status":"open","template":"page-single-col.php","meta":{"_links_to":"","_links_to_target":""},"acf":[],"yoast_head":"<!-- This site is optimized with the Yoast SEO plugin v20.13 - https:\/\/yoast.com\/wordpress\/plugins\/seo\/ -->\n<title>Dining room - Grand Hotell H\u00f6rnan<\/title>\n<meta name=\"robots\" content=\"index, follow, max-snippet:-1, max-image-preview:large, max-video-preview:-1\" \/>\n<link rel=\"canonical\" href=\"https:\/\/grandhotellhornan.com\/en\/dining-room-bar\/dining-room\/\" \/>\n<meta property=\"og:locale\" content=\"en_US\" \/>\n<meta property=\"og:type\" content=\"article\" \/>\n<meta property=\"og:title\" content=\"Dining room - Grand Hotell H\u00f6rnan\" \/>\n<meta property=\"og:description\" content=\"The hotel\u2019s delightful dining room is distinguished by an authentic atmosphere and a fine view out over Fyris\u00e5n river. The room can accommodate 30 seated guests and is perfect for lunches, dinners or even cocktail parties. We work closely with the Eklundshofs, whose restaurant caters all our events. For reservations, please call reception on +46 [&hellip;]\" \/>\n<meta property=\"og:url\" content=\"https:\/\/grandhotellhornan.com\/en\/dining-room-bar\/dining-room\/\" \/>\n<meta property=\"og:site_name\" content=\"Grand Hotell H\u00f6rnan\" \/>\n<meta property=\"article:modified_time\" content=\"2015-09-23T11:27:32+00:00\" \/>\n<meta property=\"og:image\" content=\"https:\/\/grandhotellhornan.com\/content\/uploads\/2015\/06\/matsal1.jpg\" \/>\n\t<meta property=\"og:image:width\" content=\"380\" \/>\n\t<meta property=\"og:image:height\" content=\"250\" \/>\n\t<meta property=\"og:image:type\" content=\"image\/jpeg\" \/>\n<meta name=\"twitter:card\" content=\"summary_large_image\" \/>\n<script type=\"application\/ld+json\" class=\"yoast-schema-graph\">{\"@context\":\"https:\/\/schema.org\",\"@graph\":[{\"@type\":\"WebPage\",\"@id\":\"https:\/\/grandhotellhornan.com\/en\/dining-room-bar\/dining-room\/\",\"url\":\"https:\/\/grandhotellhornan.com\/en\/dining-room-bar\/dining-room\/\",\"name\":\"Dining room - Grand Hotell H\u00f6rnan\",\"isPartOf\":{\"@id\":\"https:\/\/www.grandhotellhornan.com\/#website\"},\"datePublished\":\"2015-09-22T09:19:36+00:00\",\"dateModified\":\"2015-09-23T11:27:32+00:00\",\"breadcrumb\":{\"@id\":\"https:\/\/grandhotellhornan.com\/en\/dining-room-bar\/dining-room\/#breadcrumb\"},\"inLanguage\":\"en-US\",\"potentialAction\":[{\"@type\":\"ReadAction\",\"target\":[\"https:\/\/grandhotellhornan.com\/en\/dining-room-bar\/dining-room\/\"]}]},{\"@type\":\"BreadcrumbList\",\"@id\":\"https:\/\/grandhotellhornan.com\/en\/dining-room-bar\/dining-room\/#breadcrumb\",\"itemListElement\":[{\"@type\":\"ListItem\",\"position\":1,\"name\":\"Hem\",\"item\":\"https:\/\/grandhotellhornan.com\/en\/\"},{\"@type\":\"ListItem\",\"position\":2,\"name\":\"Dining room &#038; bar\",\"item\":\"https:\/\/grandhotellhornan.com\/en\/dining-room-bar\/\"},{\"@type\":\"ListItem\",\"position\":3,\"name\":\"Dining room\"}]},{\"@type\":\"WebSite\",\"@id\":\"https:\/\/www.grandhotellhornan.com\/#website\",\"url\":\"https:\/\/www.grandhotellhornan.com\/\",\"name\":\"Grand Hotell H\u00f6rnan\",\"description\":\"Ett anrikt hotell mitt i hj\u00e4rtat av Uppsala n\u00e4ra flygbuss och j\u00e4rnv\u00e4gsstation, med utsikt \u00f6ver sev\u00e4rdheter som Domkyrkan och Slottet.\",\"potentialAction\":[{\"@type\":\"SearchAction\",\"target\":{\"@type\":\"EntryPoint\",\"urlTemplate\":\"https:\/\/www.grandhotellhornan.com\/?s={search_term_string}\"},\"query-input\":\"required name=search_term_string\"}],\"inLanguage\":\"en-US\"}]}<\/script>\n<!-- \/ Yoast SEO plugin. -->","yoast_head_json":{"title":"Dining room - Grand Hotell H\u00f6rnan","robots":{"index":"index","follow":"follow","max-snippet":"max-snippet:-1","max-image-preview":"max-image-preview:large","max-video-preview":"max-video-preview:-1"},"canonical":"https:\/\/grandhotellhornan.com\/en\/dining-room-bar\/dining-room\/","og_locale":"en_US","og_type":"article","og_title":"Dining room - Grand Hotell H\u00f6rnan","og_description":"The hotel\u2019s delightful dining room is distinguished by an authentic atmosphere and a fine view out over Fyris\u00e5n river. The room can accommodate 30 seated guests and is perfect for lunches, dinners or even cocktail parties. We work closely with the Eklundshofs, whose restaurant caters all our events. For reservations, please call reception on +46 [&hellip;]","og_url":"https:\/\/grandhotellhornan.com\/en\/dining-room-bar\/dining-room\/","og_site_name":"Grand Hotell H\u00f6rnan","article_modified_time":"2015-09-23T11:27:32+00:00","og_image":[{"width":380,"height":250,"url":"https:\/\/grandhotellhornan.com\/content\/uploads\/2015\/06\/matsal1.jpg","type":"image\/jpeg"}],"twitter_card":"summary_large_image","schema":{"@context":"https:\/\/schema.org","@graph":[{"@type":"WebPage","@id":"https:\/\/grandhotellhornan.com\/en\/dining-room-bar\/dining-room\/","url":"https:\/\/grandhotellhornan.com\/en\/dining-room-bar\/dining-room\/","name":"Dining room - Grand Hotell H\u00f6rnan","isPartOf":{"@id":"https:\/\/www.grandhotellhornan.com\/#website"},"datePublished":"2015-09-22T09:19:36+00:00","dateModified":"2015-09-23T11:27:32+00:00","breadcrumb":{"@id":"https:\/\/grandhotellhornan.com\/en\/dining-room-bar\/dining-room\/#breadcrumb"},"inLanguage":"en-US","potentialAction":[{"@type":"ReadAction","target":["https:\/\/grandhotellhornan.com\/en\/dining-room-bar\/dining-room\/"]}]},{"@type":"BreadcrumbList","@id":"https:\/\/grandhotellhornan.com\/en\/dining-room-bar\/dining-room\/#breadcrumb","itemListElement":[{"@type":"ListItem","position":1,"name":"Hem","item":"https:\/\/grandhotellhornan.com\/en\/"},{"@type":"ListItem","position":2,"name":"Dining room &#038; bar","item":"https:\/\/grandhotellhornan.com\/en\/dining-room-bar\/"},{"@type":"ListItem","position":3,"name":"Dining room"}]},{"@type":"WebSite","@id":"https:\/\/www.grandhotellhornan.com\/#website","url":"https:\/\/www.grandhotellhornan.com\/","name":"Grand Hotell H\u00f6rnan","description":"Ett anrikt hotell mitt i hj\u00e4rtat av Uppsala n\u00e4ra flygbuss och j\u00e4rnv\u00e4gsstation, med utsikt \u00f6ver sev\u00e4rdheter som Domkyrkan och Slottet.","potentialAction":[{"@type":"SearchAction","target":{"@type":"EntryPoint","urlTemplate":"https:\/\/www.grandhotellhornan.com\/?s={search_term_string}"},"query-input":"required name=search_term_string"}],"inLanguage":"en-US"}]}},"publishpress_future_action":{"enabled":false,"date":"1970-01-01 00:00:00","action":"","terms":[],"taxonomy":"","browser_timezone_offset":0},"_links":{"self":[{"href":"https:\/\/grandhotellhornan.com\/en\/wp-json\/wp\/v2\/pages\/396"}],"collection":[{"href":"https:\/\/grandhotellhornan.com\/en\/wp-json\/wp\/v2\/pages"}],"about":[{"href":"https:\/\/grandhotellhornan.com\/en\/wp-json\/wp\/v2\/types\/page"}],"author":[{"embeddable":true,"href":"https:\/\/grandhotellhornan.com\/en\/wp-json\/wp\/v2\/users\/1"}],"replies":[{"embeddable":true,"href":"https:\/\/grandhotellhornan.com\/en\/wp-json\/wp\/v2\/comments?post=396"}],"version-history":[{"count":2,"href":"https:\/\/grandhotellhornan.com\/en\/wp-json\/wp\/v2\/pages\/396\/revisions"}],"predecessor-version":[{"id":541,"href":"https:\/\/grandhotellhornan.com\/en\/wp-json\/wp\/v2\/pages\/396\/revisions\/541"}],"up":[{"embeddable":true,"href":"https:\/\/grandhotellhornan.com\/en\/wp-json\/wp\/v2\/pages\/529"}],"wp:featuredmedia":[{"embeddable":true,"href":"https:\/\/grandhotellhornan.com\/en\/wp-json\/wp\/v2\/media\/272"}],"wp:attachment":[{"href":"https:\/\/grandhotellhornan.com\/en\/wp-json\/wp\/v2\/media?parent=396"}],"curies":[{"name":"wp","href":"https:\/\/api.w.org\/{rel}","templated":true}]}}