{"id":394,"date":"2015-09-22T09:13:34","date_gmt":"2015-09-22T09:13:34","guid":{"rendered":"http:\/\/www.grandhotellhornan.com\/?page_id=394&#038;lang=en"},"modified":"2015-09-22T09:15:23","modified_gmt":"2015-09-22T09:15:23","slug":"event-menus","status":"publish","type":"page","link":"https:\/\/grandhotellhornan.com\/en\/dining-room-bar\/dining-room\/event-menus\/","title":{"rendered":"Event menus"},"content":{"rendered":"<p>On this page, you can download current menus from the Grand Hotell H\u00f6rnan dining room. Our chef composes menus with care and consideration, taking into account the season and the ingredients available from our suppliers. That is why we have several different menus, which we serve at different times of the year. We also present a number of complete drinks packages.<\/p>\n<ul>\n<li>\n<h4><a href=\"http:\/\/grandhotellhornan.com.preview.binero.se\/content\/uploads\/2015\/05\/Festmeny-maj-augusti-2015.pdf\" target=\"_blank\">Festmeny maj-augusti 2015<\/a><\/h4>\n<\/li>\n<li>\n<h4><a href=\"http:\/\/grandhotellhornan.com.preview.binero.se\/content\/uploads\/2015\/05\/Festmeny-september-oktober-2015.pdf\" target=\"_blank\">Festmeny september &#8211; oktober 2015<\/a><\/h4>\n<\/li>\n<li>\n<h4><a href=\"http:\/\/grandhotellhornan.com.preview.binero.se\/content\/uploads\/2015\/05\/Festmeny-november-2015-februari-2016.pdf\">Festmeny november 2015 &#8211; februari 2016<\/a><\/h4>\n<\/li>\n<li>\n<h4><a href=\"http:\/\/grandhotellhornan.com.preview.binero.se\/content\/uploads\/2015\/05\/Buff\u00e9.pdf\">Buff\u00e9<\/a><\/h4>\n<\/li>\n<li>\n<h4><a href=\"http:\/\/grandhotellhornan.com.preview.binero.se\/content\/uploads\/2015\/05\/Mingelmat.pdf\">Mingelmat<\/a><\/h4>\n<\/li>\n<\/ul>\n<p>&nbsp;<\/p>\n<p>&nbsp;<\/p>\n","protected":false},"excerpt":{"rendered":"<p>On this page, you can download current menus from the Grand Hotell H\u00f6rnan dining room. Our chef composes menus with care and consideration, taking into account the season and the ingredients available from our suppliers. That is why we have several different menus, which we serve at different times of the year. We also present [&hellip;]<\/p>\n","protected":false},"author":1,"featured_media":273,"parent":396,"menu_order":0,"comment_status":"open","ping_status":"open","template":"","meta":{"_links_to":"","_links_to_target":""},"acf":[],"yoast_head":"<!-- This site is optimized with the Yoast SEO plugin v20.13 - https:\/\/yoast.com\/wordpress\/plugins\/seo\/ -->\n<title>Event menus - Grand Hotell H\u00f6rnan<\/title>\n<meta name=\"robots\" content=\"index, follow, max-snippet:-1, max-image-preview:large, max-video-preview:-1\" \/>\n<link rel=\"canonical\" href=\"https:\/\/grandhotellhornan.com\/en\/dining-room-bar\/dining-room\/event-menus\/\" \/>\n<meta property=\"og:locale\" content=\"en_US\" \/>\n<meta property=\"og:type\" content=\"article\" \/>\n<meta property=\"og:title\" content=\"Event menus - Grand Hotell H\u00f6rnan\" \/>\n<meta property=\"og:description\" content=\"On this page, you can download current menus from the Grand Hotell H\u00f6rnan dining room. Our chef composes menus with care and consideration, taking into account the season and the ingredients available from our suppliers. That is why we have several different menus, which we serve at different times of the year. We also present [&hellip;]\" \/>\n<meta property=\"og:url\" content=\"https:\/\/grandhotellhornan.com\/en\/dining-room-bar\/dining-room\/event-menus\/\" \/>\n<meta property=\"og:site_name\" content=\"Grand Hotell H\u00f6rnan\" \/>\n<meta property=\"article:modified_time\" content=\"2015-09-22T09:15:23+00:00\" \/>\n<meta property=\"og:image\" content=\"https:\/\/grandhotellhornan.com\/content\/uploads\/2015\/06\/festv\u00e5ningsmenyer2.jpg\" \/>\n\t<meta property=\"og:image:width\" content=\"380\" \/>\n\t<meta property=\"og:image:height\" content=\"250\" \/>\n\t<meta property=\"og:image:type\" content=\"image\/jpeg\" \/>\n<meta name=\"twitter:card\" content=\"summary_large_image\" \/>\n<script type=\"application\/ld+json\" class=\"yoast-schema-graph\">{\"@context\":\"https:\/\/schema.org\",\"@graph\":[{\"@type\":\"WebPage\",\"@id\":\"https:\/\/grandhotellhornan.com\/en\/dining-room-bar\/dining-room\/event-menus\/\",\"url\":\"https:\/\/grandhotellhornan.com\/en\/dining-room-bar\/dining-room\/event-menus\/\",\"name\":\"Event menus - Grand Hotell H\u00f6rnan\",\"isPartOf\":{\"@id\":\"https:\/\/www.grandhotellhornan.com\/#website\"},\"datePublished\":\"2015-09-22T09:13:34+00:00\",\"dateModified\":\"2015-09-22T09:15:23+00:00\",\"breadcrumb\":{\"@id\":\"https:\/\/grandhotellhornan.com\/en\/dining-room-bar\/dining-room\/event-menus\/#breadcrumb\"},\"inLanguage\":\"en-US\",\"potentialAction\":[{\"@type\":\"ReadAction\",\"target\":[\"https:\/\/grandhotellhornan.com\/en\/dining-room-bar\/dining-room\/event-menus\/\"]}]},{\"@type\":\"BreadcrumbList\",\"@id\":\"https:\/\/grandhotellhornan.com\/en\/dining-room-bar\/dining-room\/event-menus\/#breadcrumb\",\"itemListElement\":[{\"@type\":\"ListItem\",\"position\":1,\"name\":\"Hem\",\"item\":\"https:\/\/grandhotellhornan.com\/en\/\"},{\"@type\":\"ListItem\",\"position\":2,\"name\":\"Dining room &#038; bar\",\"item\":\"https:\/\/grandhotellhornan.com\/en\/dining-room-bar\/\"},{\"@type\":\"ListItem\",\"position\":3,\"name\":\"Dining room\",\"item\":\"https:\/\/grandhotellhornan.com\/en\/dining-room-bar\/dining-room\/\"},{\"@type\":\"ListItem\",\"position\":4,\"name\":\"Event menus\"}]},{\"@type\":\"WebSite\",\"@id\":\"https:\/\/www.grandhotellhornan.com\/#website\",\"url\":\"https:\/\/www.grandhotellhornan.com\/\",\"name\":\"Grand Hotell H\u00f6rnan\",\"description\":\"Ett anrikt hotell mitt i hj\u00e4rtat av Uppsala n\u00e4ra flygbuss och j\u00e4rnv\u00e4gsstation, med utsikt \u00f6ver sev\u00e4rdheter som Domkyrkan och Slottet.\",\"potentialAction\":[{\"@type\":\"SearchAction\",\"target\":{\"@type\":\"EntryPoint\",\"urlTemplate\":\"https:\/\/www.grandhotellhornan.com\/?s={search_term_string}\"},\"query-input\":\"required name=search_term_string\"}],\"inLanguage\":\"en-US\"}]}<\/script>\n<!-- \/ Yoast SEO plugin. -->","yoast_head_json":{"title":"Event menus - Grand Hotell H\u00f6rnan","robots":{"index":"index","follow":"follow","max-snippet":"max-snippet:-1","max-image-preview":"max-image-preview:large","max-video-preview":"max-video-preview:-1"},"canonical":"https:\/\/grandhotellhornan.com\/en\/dining-room-bar\/dining-room\/event-menus\/","og_locale":"en_US","og_type":"article","og_title":"Event menus - Grand Hotell H\u00f6rnan","og_description":"On this page, you can download current menus from the Grand Hotell H\u00f6rnan dining room. Our chef composes menus with care and consideration, taking into account the season and the ingredients available from our suppliers. That is why we have several different menus, which we serve at different times of the year. We also present [&hellip;]","og_url":"https:\/\/grandhotellhornan.com\/en\/dining-room-bar\/dining-room\/event-menus\/","og_site_name":"Grand Hotell H\u00f6rnan","article_modified_time":"2015-09-22T09:15:23+00:00","og_image":[{"width":380,"height":250,"url":"https:\/\/grandhotellhornan.com\/content\/uploads\/2015\/06\/festv\u00e5ningsmenyer2.jpg","type":"image\/jpeg"}],"twitter_card":"summary_large_image","schema":{"@context":"https:\/\/schema.org","@graph":[{"@type":"WebPage","@id":"https:\/\/grandhotellhornan.com\/en\/dining-room-bar\/dining-room\/event-menus\/","url":"https:\/\/grandhotellhornan.com\/en\/dining-room-bar\/dining-room\/event-menus\/","name":"Event menus - Grand Hotell H\u00f6rnan","isPartOf":{"@id":"https:\/\/www.grandhotellhornan.com\/#website"},"datePublished":"2015-09-22T09:13:34+00:00","dateModified":"2015-09-22T09:15:23+00:00","breadcrumb":{"@id":"https:\/\/grandhotellhornan.com\/en\/dining-room-bar\/dining-room\/event-menus\/#breadcrumb"},"inLanguage":"en-US","potentialAction":[{"@type":"ReadAction","target":["https:\/\/grandhotellhornan.com\/en\/dining-room-bar\/dining-room\/event-menus\/"]}]},{"@type":"BreadcrumbList","@id":"https:\/\/grandhotellhornan.com\/en\/dining-room-bar\/dining-room\/event-menus\/#breadcrumb","itemListElement":[{"@type":"ListItem","position":1,"name":"Hem","item":"https:\/\/grandhotellhornan.com\/en\/"},{"@type":"ListItem","position":2,"name":"Dining room &#038; bar","item":"https:\/\/grandhotellhornan.com\/en\/dining-room-bar\/"},{"@type":"ListItem","position":3,"name":"Dining room","item":"https:\/\/grandhotellhornan.com\/en\/dining-room-bar\/dining-room\/"},{"@type":"ListItem","position":4,"name":"Event menus"}]},{"@type":"WebSite","@id":"https:\/\/www.grandhotellhornan.com\/#website","url":"https:\/\/www.grandhotellhornan.com\/","name":"Grand Hotell H\u00f6rnan","description":"Ett anrikt hotell mitt i hj\u00e4rtat av Uppsala n\u00e4ra flygbuss och j\u00e4rnv\u00e4gsstation, med utsikt \u00f6ver sev\u00e4rdheter som Domkyrkan och Slottet.","potentialAction":[{"@type":"SearchAction","target":{"@type":"EntryPoint","urlTemplate":"https:\/\/www.grandhotellhornan.com\/?s={search_term_string}"},"query-input":"required name=search_term_string"}],"inLanguage":"en-US"}]}},"publishpress_future_action":{"enabled":false,"date":"1970-01-01 00:00:00","action":"","terms":[],"taxonomy":"","browser_timezone_offset":0},"_links":{"self":[{"href":"https:\/\/grandhotellhornan.com\/en\/wp-json\/wp\/v2\/pages\/394"}],"collection":[{"href":"https:\/\/grandhotellhornan.com\/en\/wp-json\/wp\/v2\/pages"}],"about":[{"href":"https:\/\/grandhotellhornan.com\/en\/wp-json\/wp\/v2\/types\/page"}],"author":[{"embeddable":true,"href":"https:\/\/grandhotellhornan.com\/en\/wp-json\/wp\/v2\/users\/1"}],"replies":[{"embeddable":true,"href":"https:\/\/grandhotellhornan.com\/en\/wp-json\/wp\/v2\/comments?post=394"}],"version-history":[{"count":1,"href":"https:\/\/grandhotellhornan.com\/en\/wp-json\/wp\/v2\/pages\/394\/revisions"}],"predecessor-version":[{"id":395,"href":"https:\/\/grandhotellhornan.com\/en\/wp-json\/wp\/v2\/pages\/394\/revisions\/395"}],"up":[{"embeddable":true,"href":"https:\/\/grandhotellhornan.com\/en\/wp-json\/wp\/v2\/pages\/396"}],"wp:featuredmedia":[{"embeddable":true,"href":"https:\/\/grandhotellhornan.com\/en\/wp-json\/wp\/v2\/media\/273"}],"wp:attachment":[{"href":"https:\/\/grandhotellhornan.com\/en\/wp-json\/wp\/v2\/media?parent=394"}],"curies":[{"name":"wp","href":"https:\/\/api.w.org\/{rel}","templated":true}]}}